{"id":144715,"date":"2021-12-08T11:03:04","date_gmt":"2021-12-08T10:03:04","guid":{"rendered":"https:\/\/izimi.yaqa.be\/ssn\/"},"modified":"2023-05-30T17:07:43","modified_gmt":"2023-05-30T15:07:43","slug":"ssn","status":"publish","type":"page","link":"https:\/\/izimi.yaqa.be\/de\/partner\/ssn\/","title":{"rendered":"Herzlich willkommen in Ihrem SSN-Raum"},"content":{"rendered":"\n<style>\n.page-image-shadow figure img{border: 1px solid #EAEAEA;\n    box-shadow: 5px 5px 10px #00000020;}\n.page-number-list li{margin-bottom:1.5em;}\n<\/style>\n\n\n\n<div class=\"wp-block-columns is-layout-flex wp-container-core-columns-is-layout-1 wp-block-columns-is-layout-flex\">\n<div class=\"wp-block-column is-layout-flow wp-block-column-is-layout-flow\" style=\"flex-basis:40%\">\n<p><strong>Um Zugang zu Ihrem privaten SSN-Bereich zu erhalten, m\u00fcssen Sie sich lediglich mit Ihrer Personalnummer einloggen.<\/strong> <strong>Ihre Personalnummer befindet sich rechts oben auf Ihrer Gehaltsabrechnung.<\/strong><\/p>\n\n\n\n<p><strong>&#8211; In der App: <\/strong>Gehen Sie zum Reiter \u201eMehr\u201c&nbsp;&gt;&nbsp;\u201eMein Profil\u201c&nbsp;&gt;&nbsp;Verbindungen verwalten<\/p>\n\n\n\n<p>&#8211; <strong>Im Internet:<\/strong> Gehen Sie <a href=\"https:\/\/app.izimi.be\/citizen\/connections\">hierher<\/a> oder loggen Sie sich in Ihren Safe ein, klicken Sie im Abschnitt \u201e<em>Meine Partner<\/em>\u201c der Startseite auf \u201e<em>Secretariat Social des Notaires<\/em>\u201c und dann auf das kleine \u201e+\u201c.<\/p>\n\n\n\n<h2 class=\"wp-block-heading\">Kontakt<\/h2>\n\n\n\n<p>Sollten beim Versuch, sich mit dem SSN zu verbinden, technische Probleme auftreten, dann wenden Sie sich bitte per E-Mail unter <a href=\"mailto:support@izimi.yaqa.be\">support@izimi.yaqa.be<\/a> oder telefonisch unter +32 2 50 50 880 an unser Support-Team.<\/p>\n\n\n\n<p>Bei Fragen zum Inhalt Ihrer Gehaltsabrechnung wenden Sie sich bitte an den zust\u00e4ndigen Mitarbeiter der Personalabteilung oder Ihren Arbeitgeber.<\/p>\n<\/div>\n\n\n\n<div class=\"wp-block-column is-layout-flow wp-block-column-is-layout-flow\"><div class=\"wp-block-image page-image-shadow\">\n<figure class=\"alignleft size-large\"><img loading=\"lazy\" decoding=\"async\" width=\"1024\" height=\"726\" src=\"https:\/\/izimi.yaqa.be\/wp-content\/uploads\/\/Dummy_PaySlip_IZIMI_DE-1024x726.jpg\" alt=\"\" class=\"wp-image-144878\" srcset=\"https:\/\/izimi.yaqa.be\/wp-content\/uploads\/Dummy_PaySlip_IZIMI_DE-1024x726.jpg 1024w, https:\/\/izimi.yaqa.be\/wp-content\/uploads\/Dummy_PaySlip_IZIMI_DE-300x213.jpg 300w, https:\/\/izimi.yaqa.be\/wp-content\/uploads\/Dummy_PaySlip_IZIMI_DE-768x544.jpg 768w, https:\/\/izimi.yaqa.be\/wp-content\/uploads\/Dummy_PaySlip_IZIMI_DE-1536x1088.jpg 1536w, https:\/\/izimi.yaqa.be\/wp-content\/uploads\/Dummy_PaySlip_IZIMI_DE-2048x1451.jpg 2048w, https:\/\/izimi.yaqa.be\/wp-content\/uploads\/Dummy_PaySlip_IZIMI_DE-100x71.jpg 100w, https:\/\/izimi.yaqa.be\/wp-content\/uploads\/Dummy_PaySlip_IZIMI_DE-862x611.jpg 862w, https:\/\/izimi.yaqa.be\/wp-content\/uploads\/Dummy_PaySlip_IZIMI_DE-1200x850.jpg 1200w\" sizes=\"(max-width: 1024px) 100vw, 1024px\" \/><\/figure><\/div><\/div>\n<\/div>\n\n\n\n<h2 class=\"wp-block-heading\">FAQ &#8211; <strong>h\u00e4ufig gestellte Fragen<\/strong><\/h2>\n\n\n\n<ol type=\"1\" class=\"page-number-list\">\n<li><strong>Wenn ich mich \u00fcber Izimi auf der SSN-Plattform anmelde, bedeutet das dann automatisch, dass ich meine Gehaltsabrechnungen nicht mehr auf dem bisherigen Weg bekommen kann?<br><\/strong>Sobald Sie sich \u00fcber Izimi mit der SSN-Plattform verbunden haben, erh\u00e4lt Basware keine NEUEN Gehaltsabrechnungen mehr. Die alten Dokumente k\u00f6nnen jedoch noch weiterhin abgerufen werden.<br>Die Nutzer von eDocument erhalten Ihre Gehaltsabrechnungen SOWOHL in eDocument ALS AUCH \u00fcber Izimi.<br><\/li>\n\n\n\n<li><strong>Sind, sobald ich mich \u00fcber Izimi mit dem SSN verbunden habe, alle meine vorherigen Gehaltsabrechnungen auch auf Izimi abrufbar?<\/strong><br>Nein. Gehaltsabrechnungen und sonstige HR-Dokumente, die Sie vor Ihrer Anmeldung auf der SSN-Plattform erhalten haben, werden nicht automatisch importiert. Alle Gehaltsabrechnungen und sonstigen HR-Dokumente werden erst ab dem Zeitpunkt Ihrer Anmeldung vom SSN \u00fcber die Izimi-Plattform versendet.<br><\/li>\n\n\n\n<li><strong>Werden meine Gehaltsabrechnungen von Izimi gel\u00f6scht, sollte ich beschlie\u00dfen, meine SSN-Verbindung \u00fcber Izimi aufzuheben?<\/strong><br>Nein. Sobald keine Verbindung mehr besteht, erhalten Sie in Ihrem Izimi-Safe keine SSN-Dokumente mehr. Die Dokumente, die Sie vor Aufhebung der Verbindung erhalten haben, bleiben in Ihrem Safe und werden nicht gel\u00f6scht.<br><\/li>\n\n\n\n<li><strong>Kann ich die Verbindung mit dem SSN \u00fcber Izimi wiederherstellen, nachdem ich sie einmal aufgehoben habe?<\/strong><br>Ja. Wenn Sie die Verbindung mit dem SSN aufheben, erhalten Sie vom SSN keine Dokumente mehr. Sie k\u00f6nnen sich aber auch wieder anmelden und dadurch die Verbindung wiederherstellen.<br><\/li>\n\n\n\n<li><strong>Mir gelingt es nicht, mich \u00fcber Izimi mit dem SSN zu verbinden. Ich erhalte eine Fehlermeldung, die besagt, dass irgendwo ein Fehler aufgetreten ist.<\/strong><br>In diesem Fall k\u00f6nnen Sie sich per E-Mail unter support@izimi.yaqa.be oder telefonisch unter +32 2 50 50 880 direkt an unser Support-Team wenden.<br><\/li>\n\n\n\n<li><strong>Ich habe eine Frage zum Inhalt meiner Gehaltsabrechnung. An wen kann ich mich wenden?<\/strong><br>F\u00fcr alle Fragen, die den Inhalt Ihrer Gehaltsabrechnung und sonstige HR-Dokumente betreffen, k\u00f6nnen Sie sich an Ihre Personalabteilung oder Ihren Arbeitgeber wenden.<\/li>\n<\/ol>\n","protected":false},"excerpt":{"rendered":"<p>Um Zugang zu Ihrem privaten SSN-Bereich zu erhalten, m\u00fcssen Sie sich lediglich mit Ihrer Personalnummer einloggen. Ihre Personalnummer befindet sich rechts oben auf Ihrer Gehaltsabrechnung. &#8211; In der App: Gehen Sie zum Reiter \u201eMehr\u201c&nbsp;&gt;&nbsp;\u201eMein Profil\u201c&nbsp;&gt;&nbsp;Verbindungen verwalten &#8211; Im Internet: Gehen Sie hierher oder loggen Sie sich in Ihren Safe ein, klicken Sie im Abschnitt \u201eMeine Partner\u201c der Startseite auf \u201eSecretariat &#8230; <\/p>\n<div><a href=\"https:\/\/izimi.yaqa.be\/de\/partner\/ssn\/\" class=\"more-link\">Read More<\/a><\/div>\n","protected":false},"author":1,"featured_media":0,"parent":144718,"menu_order":0,"comment_status":"closed","ping_status":"closed","template":"template-layout-full-width.php","meta":{"footnotes":""},"_links":{"self":[{"href":"https:\/\/izimi.yaqa.be\/de\/wp-json\/wp\/v2\/pages\/144715"}],"collection":[{"href":"https:\/\/izimi.yaqa.be\/de\/wp-json\/wp\/v2\/pages"}],"about":[{"href":"https:\/\/izimi.yaqa.be\/de\/wp-json\/wp\/v2\/types\/page"}],"author":[{"embeddable":true,"href":"https:\/\/izimi.yaqa.be\/de\/wp-json\/wp\/v2\/users\/1"}],"replies":[{"embeddable":true,"href":"https:\/\/izimi.yaqa.be\/de\/wp-json\/wp\/v2\/comments?post=144715"}],"version-history":[{"count":0,"href":"https:\/\/izimi.yaqa.be\/de\/wp-json\/wp\/v2\/pages\/144715\/revisions"}],"up":[{"embeddable":true,"href":"https:\/\/izimi.yaqa.be\/de\/wp-json\/wp\/v2\/pages\/144718"}],"wp:attachment":[{"href":"https:\/\/izimi.yaqa.be\/de\/wp-json\/wp\/v2\/media?parent=144715"}],"curies":[{"name":"wp","href":"https:\/\/api.w.org\/{rel}","templated":true}]}}