{"id":144751,"date":"2021-06-08T21:34:00","date_gmt":"2021-06-08T19:34:00","guid":{"rendered":"https:\/\/izimi.yaqa.be\/aktuelles\/partez-sereinement-en-vacances-grace-a-votre-coffre-fort-digital-izimi\/"},"modified":"2022-09-21T10:17:26","modified_gmt":"2022-09-21T08:17:26","slug":"partez-sereinement-en-vacances-grace-a-votre-coffre-fort-digital-izimi","status":"publish","type":"page","link":"https:\/\/izimi.yaqa.be\/de\/aktuelles\/partez-sereinement-en-vacances-grace-a-votre-coffre-fort-digital-izimi\/","title":{"rendered":"Partez sereinement en vacances gr\u00e2ce \u00e0 votre coffre-fort digital IZIMI !"},"content":{"rendered":"\n<p>O\u00f9 est donc pass\u00e9 ce voucher que votre agence de voyage vous a fourni en \u00e9change de l&#8217;annulation de votre s\u00e9jour ? Il ne s&#8217;agit pas de le perdre, ce voucher vaut de l&#8217;argent !<\/p>\n\n\n\n<p>Vous ne remettez pas la main dessus&nbsp;? dans vos mails&nbsp;? Les mails priv\u00e9s ou professionnels&nbsp;? Vous l\u2019avez class\u00e9 dans un sous-fichier&nbsp;de gestion documentaire? Il vous semble l\u2019avoir imprim\u00e9 mais o\u00f9 est-il d\u00e9sormais&nbsp;?<\/p>\n\n\n\n<p><strong>Evitez ce stress d\u00e9sormais et stockez vos documents dans votre coffre-fort digital Izimi !&nbsp;&nbsp;<\/strong><\/p>\n\n\n\n<p><strong>Scannez ou photographiez <\/strong>le documents, <strong>sauvegardez-le sur votre coffre-fort <\/strong>et utilisez les cat\u00e9gories et mots-cl\u00e9s pour le retrouver facilement&nbsp;! Ainsi, plus de stress&nbsp;!<\/p>\n\n\n\n<p>Vous partez bient\u00f4t en vacances&nbsp;? Voici <strong>quelques conseils<\/strong> pour partir <strong>sereinement<\/strong>&nbsp;:<\/p>\n\n\n\n<ol type=\"1\"><li>Chargez votre <strong>passeport ou carte d\u2019identit\u00e9<\/strong> dans la <a href=\"https:\/\/izimi.yaqa.be\/de\/kategorien\/\" target=\"_blank\" rel=\"noreferrer noopener\">cat\u00e9gorie \u00ab&nbsp;Donn\u00e9es personnelles&nbsp;\u00bb<\/a><\/li><li>Ajoutez votre <strong>carnet de vaccination<\/strong>, ceux des enfants et votre <strong>dossier m\u00e9dical<\/strong> dans la <a href=\"https:\/\/izimi.yaqa.be\/de\/kategorien\/\" target=\"_blank\" rel=\"noreferrer noopener\">cat\u00e9gorie \u00ab&nbsp;Sant\u00e9&nbsp;\u00bb<\/a><\/li><li>N\u2019oubliez pas les documents de votre v\u00e9hicule, v\u00e9hicule de location ou vos<strong> billets d\u2019avion<\/strong><\/li><li>Rassemblez aussi les diff\u00e9rentes <strong>r\u00e9servations<\/strong>, documents de location, &#8230;<\/li><li>Vous avez souscrit une police d&#8217;assurance annulation&nbsp;? Un service d\u00e9pannage&nbsp;? Une <strong>assurance rapatriement<\/strong>&nbsp;? Ayez tout sous la main, centralis\u00e9 dans votre coffre-fort Izimi&nbsp;!<\/li><\/ol>\n\n\n\n<p>Et pour rassurer des parents inquiets ou pour veiller \u00e0 ce que tout se passe bien <strong>en cas d\u2019immobilisation<\/strong> impr\u00e9vue \u00e0 l\u2019\u00e9tranger, <strong>anticipez et ajouter des contacts <\/strong>\u00e0 votre coffre \u00e9lectronique avec qui vous pourrez partager certains documents et qui pourront <strong>g\u00e9rer des choses que ne peuvent pas attendre<\/strong>. &nbsp;<\/p>\n\n\n\n<p>Vous n&#8217;avez pas encore cr\u00e9\u00e9 votre coffre-fort digital ? <a href=\"https:\/\/izimi.yaqa.be\/de\/legen-sie-ihr-izimi-konto-an\/\" target=\"_blank\" rel=\"noreferrer noopener\">N&#8217;attendez plus, c&#8217;est par ici<\/a> ! <\/p>\n\n\n\n<p>Vous les avez attendues depuis si longtemps .. <strong>Profitez sereinement de vos vacances&nbsp;!<\/strong><\/p>\n","protected":false},"excerpt":{"rendered":"<p>O\u00f9 est donc pass\u00e9 ce voucher que votre agence de voyage vous a fourni en \u00e9change de l&#8217;annulation de votre s\u00e9jour ? Il ne s&#8217;agit pas de le perdre, ce voucher vaut de l&#8217;argent ! Vous ne remettez pas la main dessus&nbsp;? dans vos mails&nbsp;? Les mails priv\u00e9s ou professionnels&nbsp;? Vous l\u2019avez class\u00e9 dans un sous-fichier&nbsp;de gestion documentaire? Il vous &#8230; <\/p>\n<div><a href=\"https:\/\/izimi.yaqa.be\/de\/aktuelles\/partez-sereinement-en-vacances-grace-a-votre-coffre-fort-digital-izimi\/\" class=\"more-link\">Read More<\/a><\/div>\n","protected":false},"author":1,"featured_media":96194,"parent":136172,"menu_order":0,"comment_status":"closed","ping_status":"closed","template":"template-layout-content-sidebar.php","meta":{"footnotes":""},"_links":{"self":[{"href":"https:\/\/izimi.yaqa.be\/de\/wp-json\/wp\/v2\/pages\/144751"}],"collection":[{"href":"https:\/\/izimi.yaqa.be\/de\/wp-json\/wp\/v2\/pages"}],"about":[{"href":"https:\/\/izimi.yaqa.be\/de\/wp-json\/wp\/v2\/types\/page"}],"author":[{"embeddable":true,"href":"https:\/\/izimi.yaqa.be\/de\/wp-json\/wp\/v2\/users\/1"}],"replies":[{"embeddable":true,"href":"https:\/\/izimi.yaqa.be\/de\/wp-json\/wp\/v2\/comments?post=144751"}],"version-history":[{"count":0,"href":"https:\/\/izimi.yaqa.be\/de\/wp-json\/wp\/v2\/pages\/144751\/revisions"}],"up":[{"embeddable":true,"href":"https:\/\/izimi.yaqa.be\/de\/wp-json\/wp\/v2\/pages\/136172"}],"wp:featuredmedia":[{"embeddable":true,"href":"https:\/\/izimi.yaqa.be\/de\/wp-json\/wp\/v2\/media\/96194"}],"wp:attachment":[{"href":"https:\/\/izimi.yaqa.be\/de\/wp-json\/wp\/v2\/media?parent=144751"}],"curies":[{"name":"wp","href":"https:\/\/api.w.org\/{rel}","templated":true}]}}