{"id":147601,"date":"2023-04-03T14:54:07","date_gmt":"2023-04-03T12:54:07","guid":{"rendered":"https:\/\/izimi.yaqa.be\/?page_id=147601"},"modified":"2023-04-03T14:55:07","modified_gmt":"2023-04-03T12:55:07","slug":"keep-your-will","status":"publish","type":"page","link":"https:\/\/izimi.yaqa.be\/en\/manage-your-documents\/keep-your-documents\/keep-your-will\/","title":{"rendered":"Keep your will"},"content":{"rendered":"\n<p>Whether it concerns a <strong>holographic will<\/strong>&nbsp;(written by the testator, alone) or <strong>a public will<\/strong>, it is strongly recommended to see to it that it be <strong>registered in the Central Register of Wills (CRT),<\/strong>&nbsp;because, in case of death, the consultation of that register will allow heirs to know, whether or not, there is a will and which notary keeps custody of it. This custody is handled &nbsp;through the notary.&nbsp;<strong>The copy of a will <\/strong>can be kept in Izimi, but that is not legally sufficient, &nbsp;and therefore would never be accepted as the original; the filing of the will with a notary remains <strong>indispensable<\/strong>. This being said, retrieving a copy of a holographic will could indicate that the deceased had, in fact, drawn up a holographic will. Consequently, the copy of the will has legal value, but the dispositions of property upon death of the deceased would have, in such case, lesser evidentiary value and could more easily be contested.<\/p>\n\n\n\n<h2 class=\"wp-block-heading\"><strong>Where to leave your last will&nbsp;?<\/strong><\/h2>\n\n\n\n<p><strong>The living will<\/strong><\/p>\n\n\n\n<p>There are different ways to prepare for one\u2019s end of life and to anticipate a situation in which one may become essentially incapable of making one\u2019s own wishes known or to grant consent.<\/p>\n\n\n\n<p>The first is to draft a document to&nbsp;<strong>express his wishes and last will<\/strong>: &nbsp;&nbsp;&nbsp;&nbsp;&nbsp;&nbsp;&nbsp;&nbsp;&nbsp;&nbsp;&nbsp;&nbsp;&nbsp;&nbsp;&nbsp;&nbsp;&nbsp;&nbsp;&nbsp;&nbsp;&nbsp;&nbsp;&nbsp;&nbsp;&nbsp;&nbsp;&nbsp;&nbsp;&nbsp;&nbsp;&nbsp;&nbsp;&nbsp;&nbsp;&nbsp;&nbsp;&nbsp;&nbsp;&nbsp;&nbsp;&nbsp;&nbsp;&nbsp;&nbsp;&nbsp;&nbsp;&nbsp;&nbsp;<strong>\u00ab the living will \u00bb.<\/strong>&nbsp;This type of will is&nbsp;<strong>not to be confused with&nbsp; the traditional &nbsp;will,&nbsp;<\/strong>because it is <strong>applicable BEFORE death <\/strong>and&nbsp;<strong>concerns the final phase of a person\u2019s life<\/strong>. The living will is <strong>not regulated by&nbsp; law<\/strong>.<\/p>\n\n\n\n<p>There are also the&nbsp;<a href=\"https:\/\/www.notaire.be\/famille\/la-protection-de-mes-proches\/les-declarations-de-volonte-anticipees\">d\u00e9clarations de volont\u00e9 anticip\u00e9es<\/a> [advance decisions]&nbsp;(AD relating to euthanasia, AD as to a funeral, AD of organ donations, .. ) which have <strong>force of law <\/strong>and can be registered.<\/p>\n\n\n\n<p>There also exist other mandates or directives, as well as a&nbsp;<a href=\"https:\/\/users\/tom\/Downloads\/Brochure-Et-apres-moi-2020-LD.pdf\" target=\"_blank\" rel=\"noreferrer noopener\">brochure \u00ab&nbsp;Et apr\u00e8s moi \u2026Instructions \u00e0 mes proches \u00bb&nbsp;[And after me \u2026. Instructions to my next-of-kin \u00bb<\/a>.<\/p>\n\n\n\n<p>Think of&nbsp;<strong>regrouping<\/strong>&nbsp;those documents&nbsp;<strong>in your Izimi-safe<\/strong>. Whether is to update them, during your lifetime, or to facilitate the life of your heirs.&nbsp;<\/p>\n","protected":false},"excerpt":{"rendered":"<p>Whether it concerns a holographic will&nbsp;(written by the testator, alone) or a public will, it is strongly recommended to see to it that it be registered in the Central Register of Wills (CRT),&nbsp;because, in case of death, the consultation of that register will allow heirs to know, whether or not, there is a will and which notary keeps custody of &#8230; <\/p>\n<div><a href=\"https:\/\/izimi.yaqa.be\/en\/manage-your-documents\/keep-your-documents\/keep-your-will\/\" class=\"more-link\">Read More<\/a><\/div>\n","protected":false},"author":1,"featured_media":0,"parent":147559,"menu_order":0,"comment_status":"closed","ping_status":"closed","template":"template-layout-full-width.php","meta":{"footnotes":""},"_links":{"self":[{"href":"https:\/\/izimi.yaqa.be\/en\/wp-json\/wp\/v2\/pages\/147601"}],"collection":[{"href":"https:\/\/izimi.yaqa.be\/en\/wp-json\/wp\/v2\/pages"}],"about":[{"href":"https:\/\/izimi.yaqa.be\/en\/wp-json\/wp\/v2\/types\/page"}],"author":[{"embeddable":true,"href":"https:\/\/izimi.yaqa.be\/en\/wp-json\/wp\/v2\/users\/1"}],"replies":[{"embeddable":true,"href":"https:\/\/izimi.yaqa.be\/en\/wp-json\/wp\/v2\/comments?post=147601"}],"version-history":[{"count":0,"href":"https:\/\/izimi.yaqa.be\/en\/wp-json\/wp\/v2\/pages\/147601\/revisions"}],"up":[{"embeddable":true,"href":"https:\/\/izimi.yaqa.be\/en\/wp-json\/wp\/v2\/pages\/147559"}],"wp:attachment":[{"href":"https:\/\/izimi.yaqa.be\/en\/wp-json\/wp\/v2\/media?parent=147601"}],"curies":[{"name":"wp","href":"https:\/\/api.w.org\/{rel}","templated":true}]}}