{"id":105918,"date":"2021-06-23T15:33:00","date_gmt":"2021-06-23T13:33:00","guid":{"rendered":"https:\/\/izimi.yaqa.be\/?page_id=105918"},"modified":"2022-09-21T10:21:49","modified_gmt":"2022-09-21T08:21:49","slug":"vos-certifications-et-diplomes-ont-de-la-valeur-protegez-les-avec-izimi","status":"publish","type":"page","link":"https:\/\/izimi.yaqa.be\/fr\/info-et-actualites\/vos-certifications-et-diplomes-ont-de-la-valeur-protegez-les-avec-izimi\/","title":{"rendered":"Vos dipl\u00f4mes et certifications ont de la valeur ! Prot\u00e9gez-les avec Izimi."},"content":{"rendered":"\n<blockquote class=\"wp-block-quote is-layout-flow wp-block-quote-is-layout-flow\"><p>Juin est un mois cruel .. c\u2019est le mois o\u00f9 les jours sont les plus longs et o\u00f9 on aimerait en profiter au maximum mais pour les \u00e9tudiants, cette fin d\u2019ann\u00e9e acad\u00e9mique repr\u00e9sente surtout le mois o\u00f9 ils doivent \u00e9tudier pour esp\u00e9rer d\u00e9crocher l\u2019aboutissement de tout un cursus.<\/p><\/blockquote>\n\n\n\n<p>\u00ab&nbsp;<em>L\u2019\u00e9cole est finie<\/em>&nbsp;\u00bb r\u00e9sonne dans beaucoup de t\u00eates blondes et la r\u00e9ussite des examens est une r\u00e9compense dont ils r\u00eavent tous en attendant la remise des r\u00e9sultats. Ils ont bien le temps de r\u00e9fl\u00e9chir \u00e0 leur prochaine orientation, au choix de leur fili\u00e8re, de leur sp\u00e9cialit\u00e9 dans leurs \u00e9tudes ou de l\u2019universit\u00e9 de leur choix.<\/p>\n\n\n\n<p>Mais pour d\u2019autres, il s\u2019agit d\u00e9j\u00e0 d\u2019envisager l\u2019avenir et d\u2019entrer dans la <strong>vie active<\/strong>.<\/p>\n\n\n\n<p>Que vous soyez issu de l\u2019enseignement sup\u00e9rieur ou d\u2019un cursus universitaire, technicien dipl\u00f4m\u00e9 ou titulaire d\u2019un baccalaur\u00e9at, l\u2019obtention d\u2019un dipl\u00f4me, d\u2019un titre, d\u2019une sp\u00e9cialisation est toujours une <strong>valorisation de votre qualification, de votre expertise et de vos aptitudes.<\/strong> Ce papier certifiant votre valeur sur la march\u00e9 du travail, sera votre<strong> s\u00e9same pour vous ouvrir les portes <\/strong>de certains \u00e9tablissements exigeant une certification particuli\u00e8re ou une comp\u00e9tence sp\u00e9cifique.&nbsp;<\/p>\n\n\n\n<p>Inutile pourtant d\u2019\u00eatre surdipl\u00f4m\u00e9 pour oser affronter le monde du recrutement. Le bachelier \u00e9galement titulaire d\u2019une preuve de r\u00e9ussite de son cycle de bacs est un candidat pour nombre d\u2019entreprises.<\/p>\n\n\n\n<h2 class=\"wp-block-heading\">Scolarit\u00e9&nbsp;:&nbsp;un long chemin de croix ou une r\u00e9v\u00e9lation vers le m\u00e9tier de vos r\u00eaves&nbsp;?<\/h2>\n\n\n\n<p>Il se peut que vous ayez travers\u00e9 les secondaires en touriste ou que vous ayez plut\u00f4t \u00e9t\u00e9 un \u00e9tudiant \u00e9m\u00e9rite, le meilleur de votre promotion peut-\u00eatre&nbsp;? Quoi qu\u2019il en soit, vous avez travaill\u00e9 dur, sacrifi\u00e9 des heures et d\u00e9livr\u00e9 un travail m\u00e9ritant le dipl\u00f4me d\u2019ing\u00e9nieur dont vous \u00eates d\u00e9sormais d\u00e9tenteur.<\/p>\n\n\n\n<p>Vous avez donc votre master \/ ma\u00eetrise en poche, avez obtenu, avec ou sans mention, votre dipl\u00f4me, brevet, certificat ou doctorat et envisagez un stage ou une formation en entreprise&nbsp;? Ou, bien pr\u00e9par\u00e9, vous \u00eates en qu\u00eate de la profession id\u00e9ale&nbsp;? Outre cette homologation gratifiante, vous avez \u00e9galement des recommandations, t\u00e9moignage de votre r\u00e9ussite dans un projet ou de votre facult\u00e9 d\u2019int\u00e9gration \u2026<strong> Ces titres sont de l\u2019or pour vos futurs employeurs.<\/strong><\/p>\n\n\n\n<h2 class=\"wp-block-heading\">Pourquoi conserver vos dipl\u00f4mes&nbsp;?<\/h2>\n\n\n\n<p>Ces diff\u00e9rents documents justifiant la fin d\u2019un cycle sont de<strong>s documents administratifs<\/strong> qui ont une <strong>valeur juridique<\/strong>. En effet, ils vous permettent de pouvoir <strong>pr\u00e9tendre \u00e0 certains avantages,<\/strong> <strong>d\u2019attester la r\u00e9ussite d\u2019un degr\u00e9 d\u2019\u00e9tudes, d\u2019acc\u00e9der \u00e0 un niveau sup\u00e9rieur de formation ou qualification ou serviront pour certaines d\u00e9marches administratives<\/strong>. Si vous postulez dans la fonction publique, vous devrez par exemple les montrer avant m\u00eame de pouvoir passer le moindre examen&nbsp;!<\/p>\n\n\n\n<p>Dans le cas d\u2019une demande de bourse ou si vous souhaitez louer un kot, vos dipl\u00f4mes pourront \u00e9galement vous \u00eatre demand\u00e9s. Dans ce cas pr\u00e9cis, ce n\u2019est pas tant votre niveau de qualification qui devra \u00eatre d\u00e9montr\u00e9 aupr\u00e8s des administrations comp\u00e9tentes mais votre <strong>statut d\u2019\u00e9tudiant.<\/strong><\/p>\n\n\n\n<p>Il se peut aussi que vous ayez suivi une partie de votre <strong>scolarit\u00e9 \u00e0 l\u2019\u00e9tranger et qu\u2019une \u00e9quivalence<\/strong> doivent \u00eatre demand\u00e9e&nbsp;; dans ce cas, un dossier devra \u00eatre constitu\u00e9 rassemblant, entre autres, le dipl\u00f4me de fin d\u2019\u00e9tudes secondaires ( ou une attestation provisoire de r\u00e9ussite si le dipl\u00f4me vient d&rsquo;\u00eatre obtenu.), le relev\u00e9 de notes, un extrait d\u2019acte de naissance original ou une copie certifi\u00e9e conforme de la carte d&rsquo;identit\u00e9, une lettre de motivation \u2026<\/p>\n\n\n\n<h2 class=\"wp-block-heading\">Combien de temps conserver ses dipl\u00f4mes&nbsp;?<\/h2>\n\n\n\n<p><strong>Certains documents doivent \u00eatre conserv\u00e9s \u00e0 vie<\/strong>. C\u2019est le cas des dipl\u00f4mes, attestations et titres professionnels. Sur le&nbsp;<a href=\"http:\/\/www.enseignement.be\/index.php?page=25565\" target=\"_blank\" rel=\"noreferrer noopener\">portail&nbsp;<\/a>de l&rsquo;enseignement en F\u00e9d\u00e9ration Wallonie-Bruxelles, il&nbsp;est demand\u00e9 aux \u00e9l\u00e8ves de&nbsp;conserver&nbsp;leurs notes de cours, interrogations et journaux de classe jusqu\u2019\u00e0&nbsp;l&rsquo;obtention du dipl\u00f4me du cycle&nbsp;(CEB \/ CESS). En cas de contr\u00f4le de la part du service g\u00e9n\u00e9ral de l\u2019inspection, les \u00e9tudiants doivent \u00eatre en mesure de fournir ces documents.<\/p>\n\n\n\n<p>Mieux vaut le savoir&nbsp;; si vous ne disposez plus de ces documents officiels, les <strong>duplicatas officiels<\/strong> de ces documents peuvent vous <strong>co\u00fbter tr\u00e8s cher, puisque les frais administratifs s\u2019\u00e9l\u00e8vent \u00e0 50 euros.<\/strong><\/p>\n\n\n\n<p>Afin d\u2019\u00e9viter ces d\u00e9sagr\u00e9ments, ces d\u00e9marches ennuyeuses ou tout simplement pour disposer partout et tout le temps, m\u00eame lors d\u2019un entretien professionnel impr\u00e9vu, de ces documents, vous pouvez les&nbsp; conserver en <strong>format digital<\/strong> dans un <strong>coffre-fort num\u00e9rique<\/strong> s\u00e9curis\u00e9.<\/p>\n\n\n\n<p>C\u2019est ce que vous propose <strong>Izimi<\/strong>. Gr\u00e2ce \u00e0 cette plateforme <strong>num\u00e9rique,<\/strong> vous pourrez stocker <strong>de mani\u00e8re s\u00e9curis\u00e9e et centralis\u00e9e,<\/strong> tous les documents de votre scolarit\u00e9 ou de vos formations et les partager avec qui vous souhaitez, quand vous voulez.<\/p>\n\n\n\n<h2 class=\"wp-block-heading\">Quels sont les avantages \u00e0 conserver digitalement ses dipl\u00f4mes dans Izimi&nbsp;?<\/h2>\n\n\n\n<p>Cette ann\u00e9e \u00e9coul\u00e9e au rythme des contraintes sanitaires a plus que jamais mis en avant l\u2019utilisation des canaux digitaux&nbsp;; pas un secteur n\u2019a \u00e9t\u00e9 \u00e9pargn\u00e9 et tous se sont mis aux vid\u00e9oconf\u00e9rences ou services en ligne. Le recrutement s\u2019est \u00e9galement conform\u00e9 \u00e0 ces pratiques. Avoir son dipl\u00f4me sous la main, directement accessible et facilement partageable avec ses interlocuteurs en ligne <strong>vous fera gagner un temps consid\u00e9rable.<\/strong><\/p>\n\n\n\n<p>Vous \u00eates sur le point de d\u00e9crocher <strong>LE<\/strong> job de vos r\u00eaves et vous rendez compte que vous avez oubli\u00e9 votre dossier comprenant tous les documents et attestations officiels exig\u00e9s&nbsp;? Pas de probl\u00e8me, <strong>vous avez votre coffre-fort num\u00e9rique en poche. En quelques clics, vous pouvez partager en toute s\u00e9curit\u00e9 avec qui vous voulez.<\/strong><\/p>\n\n\n\n<p>Pensez \u00e0 <strong>Izimi<\/strong> pour commencer \u00e0 g\u00e9rer votre <strong>vie administrative<\/strong>. Que vous soyez encore <strong>\u00e9tudiant<\/strong> ou actif, il est votre alli\u00e9 au quotidien pour g\u00e9rer un tas d\u2019autres documents qu\u2019ils concernen<a href=\"https:\/\/izimi.yaqa.be\/categories\/\" target=\"_blank\" rel=\"noreferrer noopener\">t <strong>votre sant\u00e9, vos biens immobiliers, votre famille \u2026<\/strong><\/a><strong> Un v\u00e9ritable assistant personnel <\/strong>qui conservera l\u2019ensemble de vos documents en toute s\u00e9curit\u00e9.<\/p>\n\n\n\n<p>T\u00e9l\u00e9chargez vite l\u2019application <strong>Izimi <\/strong>via <a href=\"https:\/\/play.google.com\/store\/apps\/details?id=com.certinot.app\" target=\"_blank\" rel=\"noreferrer noopener\">Google play<\/a> ou <a href=\"https:\/\/apps.apple.com\/us\/app\/izimi\/id1536437100\" target=\"_blank\" rel=\"noreferrer noopener\">App store<\/a> et d\u00e9marrez bien votre vie active&nbsp;\ud83d\ude09<\/p>\n","protected":false},"excerpt":{"rendered":"<p>Juin est un mois cruel .. c\u2019est le mois o\u00f9 les jours sont les plus longs et o\u00f9 on aimerait en profiter au maximum mais pour les \u00e9tudiants, cette fin d\u2019ann\u00e9e acad\u00e9mique repr\u00e9sente surtout le mois o\u00f9 ils doivent \u00e9tudier pour esp\u00e9rer d\u00e9crocher l\u2019aboutissement de tout un cursus. \u00ab&nbsp;L\u2019\u00e9cole est finie&nbsp;\u00bb r\u00e9sonne dans beaucoup de t\u00eates blondes et la r\u00e9ussite &#8230; <\/p>\n<div><a href=\"https:\/\/izimi.yaqa.be\/fr\/info-et-actualites\/vos-certifications-et-diplomes-ont-de-la-valeur-protegez-les-avec-izimi\/\" class=\"more-link\">Read More<\/a><\/div>\n","protected":false},"author":1,"featured_media":105927,"parent":31840,"menu_order":0,"comment_status":"closed","ping_status":"closed","template":"template-layout-sidebar-content.php","meta":{"footnotes":""},"_links":{"self":[{"href":"https:\/\/izimi.yaqa.be\/fr\/wp-json\/wp\/v2\/pages\/105918"}],"collection":[{"href":"https:\/\/izimi.yaqa.be\/fr\/wp-json\/wp\/v2\/pages"}],"about":[{"href":"https:\/\/izimi.yaqa.be\/fr\/wp-json\/wp\/v2\/types\/page"}],"author":[{"embeddable":true,"href":"https:\/\/izimi.yaqa.be\/fr\/wp-json\/wp\/v2\/users\/1"}],"replies":[{"embeddable":true,"href":"https:\/\/izimi.yaqa.be\/fr\/wp-json\/wp\/v2\/comments?post=105918"}],"version-history":[{"count":0,"href":"https:\/\/izimi.yaqa.be\/fr\/wp-json\/wp\/v2\/pages\/105918\/revisions"}],"up":[{"embeddable":true,"href":"https:\/\/izimi.yaqa.be\/fr\/wp-json\/wp\/v2\/pages\/31840"}],"wp:featuredmedia":[{"embeddable":true,"href":"https:\/\/izimi.yaqa.be\/fr\/wp-json\/wp\/v2\/media\/105927"}],"wp:attachment":[{"href":"https:\/\/izimi.yaqa.be\/fr\/wp-json\/wp\/v2\/media?parent=105918"}],"curies":[{"name":"wp","href":"https:\/\/api.w.org\/{rel}","templated":true}]}}