{"id":117,"date":"2020-08-27T13:25:32","date_gmt":"2020-08-27T11:25:32","guid":{"rendered":"https:\/\/izimi.yaqa.be\/index.php\/comment-ca-marche\/"},"modified":"2022-09-28T11:24:15","modified_gmt":"2022-09-28T09:24:15","slug":"comment-demarrer","status":"publish","type":"page","link":"https:\/\/izimi.yaqa.be\/fr\/comment-demarrer\/","title":{"rendered":"Comment d\u00e9marrer"},"content":{"rendered":"<div id=\"cs-content\" class=\"cs-content\"><\/div>\n","protected":false},"excerpt":{"rendered":"<p>Comment d\u00e9marrer ?Simple et gratuit, d\u00e9marrez maintenant !Commencez par cr\u00e9er votre compteVous souhaitez pouvoir\u00a0organiser des informations importantes de votre vie et avoir\u00a0une vue centralis\u00e9e sur tous vos documents confidentiels et importants\u00a0? Pouvoir les partager en toute s\u00e9curit\u00e9\u00a0aussi\u00a0? Dans ce cas, bienvenue sur Izimi ! Cr\u00e9ez votre compte personnel\u00a0et commencez \u00e0 utiliser votre coffre-fort num\u00e9rique. 01Ajoutez vos documents dans votre coffre-fortT\u00e9l\u00e9chargez\u00a0depuis &#8230; <\/p>\n<div><a href=\"https:\/\/izimi.yaqa.be\/fr\/comment-demarrer\/\" class=\"more-link\">Read More<\/a><\/div>\n","protected":false},"author":1,"featured_media":0,"parent":0,"menu_order":0,"comment_status":"closed","ping_status":"closed","template":"template-blank-4.php","meta":{"footnotes":""},"_links":{"self":[{"href":"https:\/\/izimi.yaqa.be\/fr\/wp-json\/wp\/v2\/pages\/117"}],"collection":[{"href":"https:\/\/izimi.yaqa.be\/fr\/wp-json\/wp\/v2\/pages"}],"about":[{"href":"https:\/\/izimi.yaqa.be\/fr\/wp-json\/wp\/v2\/types\/page"}],"author":[{"embeddable":true,"href":"https:\/\/izimi.yaqa.be\/fr\/wp-json\/wp\/v2\/users\/1"}],"replies":[{"embeddable":true,"href":"https:\/\/izimi.yaqa.be\/fr\/wp-json\/wp\/v2\/comments?post=117"}],"version-history":[{"count":0,"href":"https:\/\/izimi.yaqa.be\/fr\/wp-json\/wp\/v2\/pages\/117\/revisions"}],"wp:attachment":[{"href":"https:\/\/izimi.yaqa.be\/fr\/wp-json\/wp\/v2\/media?parent=117"}],"curies":[{"name":"wp","href":"https:\/\/api.w.org\/{rel}","templated":true}]}}