{"id":123712,"date":"2021-08-13T15:20:20","date_gmt":"2021-08-13T13:20:20","guid":{"rendered":"https:\/\/izimi.yaqa.be\/?page_id=123712"},"modified":"2021-11-08T13:51:57","modified_gmt":"2021-11-08T12:51:57","slug":"vous-souhaitez-ouvrir-un-coffre-fort-izimi-votre-carte-didentite-est-la-cle","status":"publish","type":"page","link":"https:\/\/izimi.yaqa.be\/fr\/info-et-actualites\/vous-souhaitez-ouvrir-un-coffre-fort-izimi-votre-carte-didentite-est-la-cle\/","title":{"rendered":"Vous voulez ouvrir un coffre-fort Izimi ? Votre carte d\u2019identit\u00e9 est la cl\u00e9 !"},"content":{"rendered":"\n<figure class=\"wp-block-image size-large\"><img loading=\"lazy\" decoding=\"async\" width=\"1024\" height=\"493\" src=\"https:\/\/izimi.yaqa.be\/wp-content\/uploads\/izimi-news-eid-1024x493.jpg\" alt=\"\" class=\"wp-image-123646\" srcset=\"https:\/\/izimi.yaqa.be\/wp-content\/uploads\/izimi-news-eid-1024x493.jpg 1024w, https:\/\/izimi.yaqa.be\/wp-content\/uploads\/izimi-news-eid-300x144.jpg 300w, https:\/\/izimi.yaqa.be\/wp-content\/uploads\/izimi-news-eid-768x370.jpg 768w, https:\/\/izimi.yaqa.be\/wp-content\/uploads\/izimi-news-eid-100x48.jpg 100w, https:\/\/izimi.yaqa.be\/wp-content\/uploads\/izimi-news-eid-862x415.jpg 862w, https:\/\/izimi.yaqa.be\/wp-content\/uploads\/izimi-news-eid-1200x578.jpg 1200w, https:\/\/izimi.yaqa.be\/wp-content\/uploads\/izimi-news-eid.jpg 1259w\" sizes=\"(max-width: 1024px) 100vw, 1024px\" \/><\/figure>\n\n\n\n<p>Pour ouvrir un coffre-fort Izimi, rien de plus simple&nbsp;: il vous suffit de vous rendre sur <a href=\"https:\/\/izimi.yaqa.be\">www.izimi.be<\/a>, de cliquer sur <a href=\"https:\/\/izimi.yaqa.be\/creez-votre-compte-izimi\/\" target=\"_blank\" rel=\"noreferrer noopener\">\u00ab&nbsp;cr\u00e9er mon compte&nbsp;\u00bb<\/a> et de suivre le processus. Lors de cette cr\u00e9ation de compte et chaque fois que vous voudrez rejoindre Izimi, le syst\u00e8me v\u00e9rifiera votre identit\u00e9.<\/p>\n\n\n\n<h2 class=\"wp-block-heading\"><strong>Acc\u00e8s s\u00e9curis\u00e9 aux informations de votre coffre num\u00e9rique<\/strong><\/h2>\n\n\n\n<p>Izimi est un coffre-fort num\u00e9rique reprenant des <strong>informations confidentielles.<\/strong> Logique donc que son acc\u00e8s soit s\u00e9curis\u00e9. Comme pour de nombreux autres acc\u00e8s s\u00e9curis\u00e9s \u00e0 des plateformes officielles, il existe <strong>deux modes de s\u00e9curisation de l\u2019acc\u00e8s<\/strong> \u00e0 Izimi&nbsp;: soit avec votre <strong>carte d\u2019identit\u00e9 \u00e9lectronique <\/strong>(et son code pin) <strong>soit avec itsme\u00ae<\/strong>. Pour l\u2019un comme pour l\u2019autre, vous devrez passer par cette plateforme CSAM.&nbsp;<\/p>\n\n\n\n<figure class=\"wp-block-image size-large is-resized\"><img loading=\"lazy\" decoding=\"async\" src=\"https:\/\/izimi.yaqa.be\/wp-content\/uploads\/image.png\" alt=\"\" class=\"wp-image-123277\" width=\"618\" height=\"363\" srcset=\"https:\/\/izimi.yaqa.be\/wp-content\/uploads\/image.png 469w, https:\/\/izimi.yaqa.be\/wp-content\/uploads\/image-300x177.png 300w, https:\/\/izimi.yaqa.be\/wp-content\/uploads\/image-100x59.png 100w\" sizes=\"(max-width: 618px) 100vw, 618px\" \/><\/figure>\n\n\n\n<p>Si vous optez pour l\u2019identification via votre <strong>carte d\u2019identit\u00e9<\/strong>, vous devez vous munir de celle-ci, d\u2019un <strong>lecteur de carte <\/strong>(parfois int\u00e9gr\u00e9 directement \u00e0 votre ordinateur) et du <strong>code pin <\/strong>de votre carte eID en suivant le process ci-dessous.<\/p>\n\n\n\n<p>Si vous n\u2019avez pas de lecteur de carte eID ou que votre appareil ne reconnait pas le lecteur de l\u2019eID, vous pouvez activer votre compte itsme\u00ae &nbsp;avec votre <strong>carte de banque<\/strong> (et son lecteur). Plus d\u2019info ici&nbsp;: <a href=\"https:\/\/eur04.safelinks.protection.outlook.com\/?url=https%3A%2F%2Fwww.itsme.be%2Ffr%2Fget-started%2Fbank&amp;data=04%7C01%7Cichtertz%40fednot.be%7Ccc18156463e44d91b25008d95b3a6691%7C4dd14a7f0d8a442186cae4103e645593%7C0%7C0%7C637641128640717858%7CUnknown%7CTWFpbGZsb3d8eyJWIjoiMC4wLjAwMDAiLCJQIjoiV2luMzIiLCJBTiI6Ik1haWwiLCJXVCI6Mn0%3D%7C1000&amp;sdata=VShlqHzUuwospLIki9UwX8sNz1%2BQKs50zXqGPWC42bc%3D&amp;reserved=0\">https:\/\/www.itsme.be\/fr\/get-started\/bank<\/a><\/p>\n\n\n\n<figure class=\"wp-block-image size-large is-resized\"><img loading=\"lazy\" decoding=\"async\" src=\"https:\/\/izimi.yaqa.be\/wp-content\/uploads\/image-1.png\" alt=\"\" class=\"wp-image-123281\" width=\"588\" height=\"243\" srcset=\"https:\/\/izimi.yaqa.be\/wp-content\/uploads\/image-1.png 483w, https:\/\/izimi.yaqa.be\/wp-content\/uploads\/image-1-300x124.png 300w, https:\/\/izimi.yaqa.be\/wp-content\/uploads\/image-1-100x41.png 100w\" sizes=\"(max-width: 588px) 100vw, 588px\" \/><\/figure>\n\n\n\n<p>Vous pouvez \u00e9galement s\u00e9curiser votre acc\u00e8s en utilisant <strong>itsme\u00ae<\/strong>.<\/p>\n\n\n\n<p>itsme\u00ae &nbsp;est une <strong>version mobile de votre carte d\u2019identit\u00e9<\/strong>, int\u00e9gr\u00e9e \u00e0 votre smartphone. C\u2019est une application gratuite qui vous permet o\u00f9 que vous soyez, avec un seul code, de vous identifier, vous enregistrer, signer et payer en toute s\u00e9curit\u00e9 dans toute une s\u00e9rie d&rsquo;applications en ligne. Gr\u00e2ce \u00e0&nbsp;itsme, vous n&rsquo;avez plus besoin de votre lecteur de carte ni d&rsquo;innombrables mots de passe.<\/p>\n\n\n\n<p>Si votre smartphone est \u00e9quip\u00e9 d\u2019un scanner d\u2019empreinte, vous pourrez \u00e9galement utiliser votre&nbsp;<strong>empreinte digitale<\/strong>. Plus besoin du code alors. Encore plus simple&nbsp;!<\/p>\n\n\n\n<p>Le gouvernement belge a reconnu officiellement l\u2019application . Sa cr\u00e9ation&nbsp;est&nbsp;attribu\u00e9e \u00e0 quatre banques ainsi que trois op\u00e9rateurs t\u00e9l\u00e9phoniques belges.<\/p>\n\n\n\n<p>Mais pour pouvoir utiliser itsme, il vous faudra d\u2019abord <a href=\"https:\/\/support.itsme.be\/hc\/fr\/articles\/360041026614-Comment-cr%C3%A9er-mon-itsme-avec-ma-carte-eID-belge-carte-d-identit%C3%A9-%C3%A9lectronique-\">cr\u00e9er un compte en suivant ce processus.<\/a><\/p>\n\n\n\n<h2 class=\"wp-block-heading\"><strong>La carte d\u2019identit\u00e9 .. jamais sans son code pin<\/strong><\/h2>\n\n\n\n<p>Tant pour la cr\u00e9ation de votre compte itsme que pour l\u2019acc\u00e8s \u00e0 Izimi via votre carte d\u2019identit\u00e9, vous aurez donc besoin du code pin de votre carte d\u2019identit\u00e9.<\/p>\n\n\n\n<ul><li>Lorsque vous avez re\u00e7u votre carte d\u2019identit\u00e9 \u00e9lectronique (eid), une lettre mentionnant un code PUK et un code PIN l&rsquo;accompagnait. Le code PIN permet de d\u00e9verrouiller l\u2019acc\u00e8s aux informations confidentielles li\u00e9s \u00e0 la carte.<\/li><li>Le code PUK sert lorsque vous avez perdu ou oubli\u00e9 votre code PIN. Muni de ce code PUK, vous devez vous rendre \u00e0 votre administration communale pour renouveler votre code PIN.<\/li><\/ul>\n\n\n\n<h2 class=\"wp-block-heading\"><strong>Je ne me souviens pas du code pin de mon eID&nbsp;!&nbsp;<\/strong><\/h2>\n\n\n\n<p>Il est fort possible que l\u2019on vous ai propos\u00e9 de changer le code pin. Si vous ne vous en souvenez pas, pas de panique. Vous pouvez redemander un nouveau code pin \u00e0 la commune. Pour plus d\u2019informations, consultez&nbsp;<a href=\"https:\/\/ibz.be\/fr\/identite\" target=\"_blank\" rel=\"noreferrer noopener\">le site web du SPF Int\u00e9rieur<\/a>.<\/p>\n","protected":false},"excerpt":{"rendered":"<p>Pour ouvrir un coffre-fort Izimi, rien de plus simple&nbsp;: il vous suffit de vous rendre sur www.izimi.be, de cliquer sur \u00ab&nbsp;cr\u00e9er mon compte&nbsp;\u00bb et de suivre le processus. Lors de cette cr\u00e9ation de compte et chaque fois que vous voudrez rejoindre Izimi, le syst\u00e8me v\u00e9rifiera votre identit\u00e9. Acc\u00e8s s\u00e9curis\u00e9 aux informations de votre coffre num\u00e9rique Izimi est un coffre-fort num\u00e9rique &#8230; <\/p>\n<div><a href=\"https:\/\/izimi.yaqa.be\/fr\/info-et-actualites\/vous-souhaitez-ouvrir-un-coffre-fort-izimi-votre-carte-didentite-est-la-cle\/\" class=\"more-link\">Read More<\/a><\/div>\n","protected":false},"author":1,"featured_media":123646,"parent":31840,"menu_order":-1,"comment_status":"closed","ping_status":"closed","template":"template-layout-content-sidebar.php","meta":{"footnotes":""},"_links":{"self":[{"href":"https:\/\/izimi.yaqa.be\/fr\/wp-json\/wp\/v2\/pages\/123712"}],"collection":[{"href":"https:\/\/izimi.yaqa.be\/fr\/wp-json\/wp\/v2\/pages"}],"about":[{"href":"https:\/\/izimi.yaqa.be\/fr\/wp-json\/wp\/v2\/types\/page"}],"author":[{"embeddable":true,"href":"https:\/\/izimi.yaqa.be\/fr\/wp-json\/wp\/v2\/users\/1"}],"replies":[{"embeddable":true,"href":"https:\/\/izimi.yaqa.be\/fr\/wp-json\/wp\/v2\/comments?post=123712"}],"version-history":[{"count":0,"href":"https:\/\/izimi.yaqa.be\/fr\/wp-json\/wp\/v2\/pages\/123712\/revisions"}],"up":[{"embeddable":true,"href":"https:\/\/izimi.yaqa.be\/fr\/wp-json\/wp\/v2\/pages\/31840"}],"wp:featuredmedia":[{"embeddable":true,"href":"https:\/\/izimi.yaqa.be\/fr\/wp-json\/wp\/v2\/media\/123646"}],"wp:attachment":[{"href":"https:\/\/izimi.yaqa.be\/fr\/wp-json\/wp\/v2\/media?parent=123712"}],"curies":[{"name":"wp","href":"https:\/\/api.w.org\/{rel}","templated":true}]}}