{"id":136,"date":"2020-09-02T17:14:20","date_gmt":"2020-09-02T15:14:20","guid":{"rendered":"https:\/\/izimi.yaqa.be\/index.php\/pourquoi-choisir-izimi\/"},"modified":"2023-07-03T13:15:13","modified_gmt":"2023-07-03T11:15:13","slug":"pourquoi-choisir-izimi","status":"publish","type":"page","link":"https:\/\/izimi.yaqa.be\/fr\/pourquoi-choisir-izimi\/","title":{"rendered":"Pourquoi Izimi"},"content":{"rendered":"<div id=\"cs-content\" class=\"cs-content\"><\/div>\n","protected":false},"excerpt":{"rendered":"<p>Pourquoi Izimi ?Choisir Izimi, c&rsquo;est opter pour la s&eacute;r&eacute;nit&eacute; et bien d&rsquo;autres garanties Securis\u00e9 Simple Non commercial Conformit\u00e9 et s\u00e9r\u00e9nit\u00e9 Approuv\u00e9 par Test Achats Stockage et acc&egrave;s s&eacute;curis&eacute; depuis votre mobileToutes vos documents en s\u00e9curit\u00e9 dans votre espace priv\u00e9 (1GB)Toutes les donn\u00e9es sont stock\u00e9es en BelgiqueProt\u00e9g\u00e9 par l&rsquo;expertise du notariatAcc\u00e8s fiable via itsme&reg;Chaque citoyen devrait disposer d\u2019un lieu s\u00fbr pour &#8230; <\/p>\n<div><a href=\"https:\/\/izimi.yaqa.be\/fr\/pourquoi-choisir-izimi\/\" class=\"more-link\">Read More<\/a><\/div>\n","protected":false},"author":1,"featured_media":0,"parent":0,"menu_order":0,"comment_status":"closed","ping_status":"closed","template":"template-blank-4.php","meta":{"footnotes":""},"_links":{"self":[{"href":"https:\/\/izimi.yaqa.be\/fr\/wp-json\/wp\/v2\/pages\/136"}],"collection":[{"href":"https:\/\/izimi.yaqa.be\/fr\/wp-json\/wp\/v2\/pages"}],"about":[{"href":"https:\/\/izimi.yaqa.be\/fr\/wp-json\/wp\/v2\/types\/page"}],"author":[{"embeddable":true,"href":"https:\/\/izimi.yaqa.be\/fr\/wp-json\/wp\/v2\/users\/1"}],"replies":[{"embeddable":true,"href":"https:\/\/izimi.yaqa.be\/fr\/wp-json\/wp\/v2\/comments?post=136"}],"version-history":[{"count":0,"href":"https:\/\/izimi.yaqa.be\/fr\/wp-json\/wp\/v2\/pages\/136\/revisions"}],"wp:attachment":[{"href":"https:\/\/izimi.yaqa.be\/fr\/wp-json\/wp\/v2\/media?parent=136"}],"curies":[{"name":"wp","href":"https:\/\/api.w.org\/{rel}","templated":true}]}}