{"id":143,"date":"2020-09-02T17:47:59","date_gmt":"2020-09-02T15:47:59","guid":{"rendered":"https:\/\/izimi.yaqa.be\/index.php\/qui-est-derriere-izimi\/"},"modified":"2023-08-10T12:13:34","modified_gmt":"2023-08-10T10:13:34","slug":"garantie-de-securite","status":"publish","type":"page","link":"https:\/\/izimi.yaqa.be\/fr\/garantie-de-securite\/","title":{"rendered":"Garantie de s\u00e9curit\u00e9"},"content":{"rendered":"<div id=\"cs-content\" class=\"cs-content\"><\/div>\n","protected":false},"excerpt":{"rendered":"<p>A propos d&rsquo;IzimiLa s&eacute;curit&eacute; de vos donn&eacute;es etla confiance sont des attributs du notariat belge.S&eacute;curit&eacute; d&rsquo;acc&egrave;sPour cr\u00e9er ou acc\u00e9der \u00e0 votre compte personnel Izimi, vous seul pouvez vous connecter avec votre carte d&rsquo;identit\u00e9 (+ code PIN) ainsi que votre lecteur de cartes eID connect\u00e9 \u00e0 votre ordinateur ou via votre\u00a0application itsme\u00ae D\u00e9couvrez comment d\u00e9marrez1GB de stockage s&eacute;curis&eacute;Vous pouvez \u00eatre assur\u00e9 &#8230; <\/p>\n<div><a href=\"https:\/\/izimi.yaqa.be\/fr\/garantie-de-securite\/\" class=\"more-link\">Read More<\/a><\/div>\n","protected":false},"author":1,"featured_media":0,"parent":0,"menu_order":0,"comment_status":"closed","ping_status":"closed","template":"template-blank-4.php","meta":{"footnotes":""},"_links":{"self":[{"href":"https:\/\/izimi.yaqa.be\/fr\/wp-json\/wp\/v2\/pages\/143"}],"collection":[{"href":"https:\/\/izimi.yaqa.be\/fr\/wp-json\/wp\/v2\/pages"}],"about":[{"href":"https:\/\/izimi.yaqa.be\/fr\/wp-json\/wp\/v2\/types\/page"}],"author":[{"embeddable":true,"href":"https:\/\/izimi.yaqa.be\/fr\/wp-json\/wp\/v2\/users\/1"}],"replies":[{"embeddable":true,"href":"https:\/\/izimi.yaqa.be\/fr\/wp-json\/wp\/v2\/comments?post=143"}],"version-history":[{"count":0,"href":"https:\/\/izimi.yaqa.be\/fr\/wp-json\/wp\/v2\/pages\/143\/revisions"}],"wp:attachment":[{"href":"https:\/\/izimi.yaqa.be\/fr\/wp-json\/wp\/v2\/media?parent=143"}],"curies":[{"name":"wp","href":"https:\/\/api.w.org\/{rel}","templated":true}]}}