{"id":144709,"date":"2021-12-08T11:03:04","date_gmt":"2021-12-08T10:03:04","guid":{"rendered":"https:\/\/izimi.yaqa.be\/?page_id=144709"},"modified":"2023-05-30T17:04:14","modified_gmt":"2023-05-30T15:04:14","slug":"ssn","status":"publish","type":"page","link":"https:\/\/izimi.yaqa.be\/fr\/partenaires\/ssn\/","title":{"rendered":"Bienvenue dans votre espace SSN"},"content":{"rendered":"\n<style>\n.page-image-shadow figure img{border: 1px solid #EAEAEA;\n    box-shadow: 5px 5px 10px #00000020;}\n.page-number-list li{margin-bottom:1.5em;}\n<\/style>\n\n\n\n<div class=\"wp-block-columns is-layout-flex wp-container-core-columns-is-layout-1 wp-block-columns-is-layout-flex\">\n<div class=\"wp-block-column is-layout-flow wp-block-column-is-layout-flow\" style=\"flex-basis:40%\">\n<p><strong>Pour acc\u00e9der \u00e0 votre environnement private SSN, il vous suffit de vous connecter au moyen de votre num\u00e9ro d\u2019employ\u00e9.<\/strong> <strong>Votre num\u00e9ro d\u2019employ\u00e9 se trouve en haut \u00e0 droite sur votre fiche de paie.<\/strong><\/p>\n\n\n\n<ul>\n<li><strong>Sur l\u2019app&nbsp;:<\/strong> rendez-vous dans l\u2019onglet \u00ab&nbsp;Plus&nbsp;\u00bb&nbsp;&gt;&nbsp;\u00ab&nbsp;Mon Profil&nbsp;\u00bb&nbsp;&gt;&nbsp;G\u00e9rer les connexions<\/li>\n\n\n\n<li><strong>Sur le web\u00a0:<\/strong> rendez-vous <a href=\"https:\/\/app.izimi.be\/citizen\/connections\" target=\"_blank\" rel=\"noreferrer noopener\">ici<\/a> ou bien cliquez sur \u00ab\u00a0<em>Secr\u00e9tariat Social des Notaires<\/em>\u00a0\u00bb dans la partie \u00ab\u00a0<em>Mes partenaires<\/em>\u00a0\u00bb de la page d\u2019accueil et ensuite sur le petit \u00ab\u00a0+\u00a0\u00bb.<\/li>\n<\/ul>\n\n\n\n<h2 class=\"wp-block-heading\">Contact<\/h2>\n\n\n\n<p>Si vous rencontrez des probl\u00e8mes techniques en essayant de vous connecter \u00e0 SSN, veuillez contacter notre \u00e9quipe d&rsquo;assistance par e-mail support@izimi.yaqa.be ou par t\u00e9l\u00e9phone au +32 2 50 50 880<\/p>\n\n\n\n<p>Si vous avez des questions concernant le contenu de votre fiche de paie, veuillez contacter votre responsable RH ou votre employeur.<\/p>\n<\/div>\n\n\n\n<div class=\"wp-block-column is-layout-flow wp-block-column-is-layout-flow\"><div class=\"wp-block-image page-image-shadow\">\n<figure class=\"alignleft size-large\"><img loading=\"lazy\" decoding=\"async\" width=\"1024\" height=\"735\" src=\"https:\/\/izimi.yaqa.be\/wp-content\/uploads\/Dummy_PaySlip_IZIMI_FR-1-1024x735.jpg\" alt=\"\" class=\"wp-image-144814\" srcset=\"https:\/\/izimi.yaqa.be\/wp-content\/uploads\/Dummy_PaySlip_IZIMI_FR-1-1024x735.jpg 1024w, https:\/\/izimi.yaqa.be\/wp-content\/uploads\/Dummy_PaySlip_IZIMI_FR-1-300x215.jpg 300w, https:\/\/izimi.yaqa.be\/wp-content\/uploads\/Dummy_PaySlip_IZIMI_FR-1-768x551.jpg 768w, https:\/\/izimi.yaqa.be\/wp-content\/uploads\/Dummy_PaySlip_IZIMI_FR-1-100x72.jpg 100w, https:\/\/izimi.yaqa.be\/wp-content\/uploads\/Dummy_PaySlip_IZIMI_FR-1-862x619.jpg 862w, https:\/\/izimi.yaqa.be\/wp-content\/uploads\/Dummy_PaySlip_IZIMI_FR-1.jpg 1195w\" sizes=\"(max-width: 1024px) 100vw, 1024px\" \/><\/figure><\/div><\/div>\n<\/div>\n\n\n\n<h2 class=\"wp-block-heading\">FAQ<\/h2>\n\n\n\n<ol type=\"1\" class=\"page-number-list\">\n<li><strong>Si je m\u2019enregistre \u00e0 la plateforme SSN via Izimi, est-ce que cela implique automatiquement l\u2019arr\u00eat de l&rsquo;ancien mode de r\u00e9ception de mes fiches de paie ?<\/strong><br>Une fois connect\u00e9 \u00e0 la plateforme SSN via Izimi, Basware ne recevra plus de NOUVELLES fiches de paie. Les anciens documents restent toutefois accessibles.<br>Les utilisateurs d&rsquo;eDocument recevront leurs fiches de paie \u00c0 LA FOIS dans eDocument et via Izimi.<br><\/li>\n\n\n\n<li><strong>Une fois la connexion \u00e0 SSN sur Izimi \u00e9tablie, toutes mes fiches de paie pr\u00e9c\u00e9dentes se retrouvent-elles sur Izimi&nbsp;?<\/strong><br>Non. Les anciennes fiches de paie et autres documents RH du pass\u00e9 ne sont pas automatiquement import\u00e9s. Ce n\u2019est qu\u2019\u00e0 partir du moment o\u00f9 vous vous serez connect\u00e9 que toutes fiches de paie et documents RH seront envoy\u00e9s par SSN via la plateforme Izimi.<br><\/li>\n\n\n\n<li><strong>Si je d\u00e9cide \u00e0 un moment de supprimer ma connexion SSN via Izimi, mes fiches de paie seront-elles supprim\u00e9es d&rsquo;Izimi ?<\/strong><br>Non. Une fois la connexion supprim\u00e9e, vous ne recevrez plus de documents de SSN dans votre coffre-fort Izimi. Les documents que vous avez re\u00e7us, avant de supprimer la connexion, resteront dans votre coffre-fort et ne seront pas supprim\u00e9s.<br><\/li>\n\n\n\n<li><strong>Puis-je me r\u00e9abonner \u00e0 SSN sur Izimi si j&rsquo;ai supprim\u00e9 ma connexion ?<\/strong><br>Oui. Si vous supprimez la connexion avec SSN, vous ne recevrez plus de documents de SSN. Si vous souhaitez vous r\u00e9abonner, vous pouvez rajouter la connexion.<br><\/li>\n\n\n\n<li><strong>Je ne parviens pas \u00e0 cr\u00e9er une connexion avec SSN via Izimi. Je re\u00e7ois un message d\u2019erreur mentionnant que quelque chose s&rsquo;est mal pass\u00e9.<\/strong><br>Vous pouvez contacter notre \u00e9quipe d&rsquo;assistance directement par e-mail support@izimi.yaqa.be ou par t\u00e9l\u00e9phone au +32 2 50 50 880.<br><\/li>\n\n\n\n<li><strong>J&rsquo;ai une question relative au contenu de ma fiche de paie, \u00e0 qui puis-je m&rsquo;adresser ?<br><\/strong>Vous pouvez contacter votre service RH ou votre employeur pour toute question concernant le contenu de votre fiche de paie et autres documents li\u00e9s aux RH.<\/li>\n<\/ol>\n","protected":false},"excerpt":{"rendered":"<p>Pour acc\u00e9der \u00e0 votre environnement private SSN, il vous suffit de vous connecter au moyen de votre num\u00e9ro d\u2019employ\u00e9. Votre num\u00e9ro d\u2019employ\u00e9 se trouve en haut \u00e0 droite sur votre fiche de paie. Contact Si vous rencontrez des probl\u00e8mes techniques en essayant de vous connecter \u00e0 SSN, veuillez contacter notre \u00e9quipe d&rsquo;assistance par e-mail support@izimi.yaqa.be ou par t\u00e9l\u00e9phone au +32 &#8230; <\/p>\n<div><a href=\"https:\/\/izimi.yaqa.be\/fr\/partenaires\/ssn\/\" class=\"more-link\">Read More<\/a><\/div>\n","protected":false},"author":1,"featured_media":0,"parent":144705,"menu_order":0,"comment_status":"closed","ping_status":"closed","template":"template-layout-full-width.php","meta":{"footnotes":""},"_links":{"self":[{"href":"https:\/\/izimi.yaqa.be\/fr\/wp-json\/wp\/v2\/pages\/144709"}],"collection":[{"href":"https:\/\/izimi.yaqa.be\/fr\/wp-json\/wp\/v2\/pages"}],"about":[{"href":"https:\/\/izimi.yaqa.be\/fr\/wp-json\/wp\/v2\/types\/page"}],"author":[{"embeddable":true,"href":"https:\/\/izimi.yaqa.be\/fr\/wp-json\/wp\/v2\/users\/1"}],"replies":[{"embeddable":true,"href":"https:\/\/izimi.yaqa.be\/fr\/wp-json\/wp\/v2\/comments?post=144709"}],"version-history":[{"count":0,"href":"https:\/\/izimi.yaqa.be\/fr\/wp-json\/wp\/v2\/pages\/144709\/revisions"}],"up":[{"embeddable":true,"href":"https:\/\/izimi.yaqa.be\/fr\/wp-json\/wp\/v2\/pages\/144705"}],"wp:attachment":[{"href":"https:\/\/izimi.yaqa.be\/fr\/wp-json\/wp\/v2\/media?parent=144709"}],"curies":[{"name":"wp","href":"https:\/\/api.w.org\/{rel}","templated":true}]}}