{"id":145252,"date":"2022-07-04T11:56:00","date_gmt":"2022-07-04T09:56:00","guid":{"rendered":"https:\/\/izimi.yaqa.be\/?page_id=145252"},"modified":"2023-03-30T14:32:13","modified_gmt":"2023-03-30T12:32:13","slug":"garder-ses-actes-notaries","status":"publish","type":"page","link":"https:\/\/izimi.yaqa.be\/fr\/gerer-vos-documents\/conserver-ses-documents\/garder-ses-actes-notaries\/","title":{"rendered":"Garder ses actes notari\u00e9s"},"content":{"rendered":"\n<p class=\"has-medium-font-size\">Un acte notari\u00e9 est un<strong> document officiel,<\/strong> \u00e0 <strong>valeur juridique<\/strong>. Il offre une <strong>s\u00e9curit\u00e9 juridique<\/strong> \u00e0 vos transactions et vous apportera donc une protection quant \u00e0 des actes qui peuvent avoir un impact financier important sur votre patrimoine et celui de vos proches. Il est donc essentiel de les prot\u00e9ger et les conserver.\u00a0 Le stockage des documents en ligne et la protection des donn\u00e9es priv\u00e9es sont une pr\u00e9occupation constante du notariat, c\u2019est pourquoi <strong>tous les actes notari\u00e9s cr\u00e9\u00e9s depuis 2015 <\/strong>sont stock\u00e9s dans NABAN, la <strong>banque des actes notari\u00e9s<\/strong> abritant les copies d\u00e9mat\u00e9rialis\u00e9es et les m\u00e9tadonn\u00e9es de tous les actes authentiques re\u00e7us par un notaire belge. Ces documents et m\u00e9tadonn\u00e9es y sont <strong>conserv\u00e9s en toute s\u00e9curit\u00e9 durant 75 ans <\/strong>minimum. Gr\u00e2ce \u00e0 Izimi, vous avez un<strong> acc\u00e8s direct \u00e0 ces actes<\/strong>, depuis votre coffre-fort personnel. <\/p>\n\n\n\n<p class=\"has-medium-font-size\">Voir aussi <a href=\"https:\/\/www.notaire.be\/nouveautes\/detail\/pourquoi-lacte-notarie-est-plus-quun-simple-accord\" target=\"_blank\" rel=\"noreferrer noopener\">\u00ab&nbsp;Pourquoi l&rsquo;acte notari\u00e9 est plus qu&rsquo;un simple accord ?&nbsp;\u00bb<\/a><\/p>\n\n\n\n<h2 class=\"wp-block-heading\">Combien de temps devez-vous conserver l&rsquo;acte de vente<\/h2>\n\n\n\n<p class=\"has-medium-font-size\">L\u2019acte notari\u00e9<strong> li\u00e9 \u00e0 un achat immobilier<\/strong> (acte de vente), prouvant par exemple que vous \u00eates le propri\u00e9taire, doit \u00eatre conserv\u00e9 durant <strong>minimum toute la dur\u00e9e de la propri\u00e9t\u00e9<\/strong>\u00a0; Cela dit, il est vivement recommand\u00e9 de <strong>conserver ces documents \u00e0 vie,<\/strong> notamment, en cas de <strong>donation<\/strong> du bien en question.<\/p>\n\n\n\n<div class=\"wp-block-buttons is-layout-flex wp-block-buttons-is-layout-flex\">\n<div class=\"wp-block-button has-custom-font-size has-medium-font-size\"><a class=\"wp-block-button__link has-background\" href=\"https:\/\/izimi.yaqa.be\/creez-votre-compte-izimi\/\" style=\"background-color:#00b3c4\">Ouvrir mon coffre-fort num\u00e9rique<\/a><\/div>\n<\/div>\n","protected":false},"excerpt":{"rendered":"<p>Un acte notari\u00e9 est un document officiel, \u00e0 valeur juridique. Il offre une s\u00e9curit\u00e9 juridique \u00e0 vos transactions et vous apportera donc une protection quant \u00e0 des actes qui peuvent avoir un impact financier important sur votre patrimoine et celui de vos proches. Il est donc essentiel de les prot\u00e9ger et les conserver.\u00a0 Le stockage des documents en ligne et &#8230; <\/p>\n<div><a href=\"https:\/\/izimi.yaqa.be\/fr\/gerer-vos-documents\/conserver-ses-documents\/garder-ses-actes-notaries\/\" class=\"more-link\">Read More<\/a><\/div>\n","protected":false},"author":1,"featured_media":0,"parent":147455,"menu_order":0,"comment_status":"closed","ping_status":"closed","template":"template-layout-full-width.php","meta":{"footnotes":""},"_links":{"self":[{"href":"https:\/\/izimi.yaqa.be\/fr\/wp-json\/wp\/v2\/pages\/145252"}],"collection":[{"href":"https:\/\/izimi.yaqa.be\/fr\/wp-json\/wp\/v2\/pages"}],"about":[{"href":"https:\/\/izimi.yaqa.be\/fr\/wp-json\/wp\/v2\/types\/page"}],"author":[{"embeddable":true,"href":"https:\/\/izimi.yaqa.be\/fr\/wp-json\/wp\/v2\/users\/1"}],"replies":[{"embeddable":true,"href":"https:\/\/izimi.yaqa.be\/fr\/wp-json\/wp\/v2\/comments?post=145252"}],"version-history":[{"count":0,"href":"https:\/\/izimi.yaqa.be\/fr\/wp-json\/wp\/v2\/pages\/145252\/revisions"}],"up":[{"embeddable":true,"href":"https:\/\/izimi.yaqa.be\/fr\/wp-json\/wp\/v2\/pages\/147455"}],"wp:attachment":[{"href":"https:\/\/izimi.yaqa.be\/fr\/wp-json\/wp\/v2\/media?parent=145252"}],"curies":[{"name":"wp","href":"https:\/\/api.w.org\/{rel}","templated":true}]}}