{"id":145254,"date":"2022-07-04T12:00:24","date_gmt":"2022-07-04T10:00:24","guid":{"rendered":"https:\/\/izimi.yaqa.be\/?page_id=145254"},"modified":"2023-03-30T14:32:34","modified_gmt":"2023-03-30T12:32:34","slug":"garder-ses-contrats-de-travail","status":"publish","type":"page","link":"https:\/\/izimi.yaqa.be\/fr\/gerer-vos-documents\/conserver-ses-documents\/garder-ses-contrats-de-travail\/","title":{"rendered":"Garder ses contrats de travail"},"content":{"rendered":"\n<p class=\"has-medium-font-size\">Il n\u2019existe pas vraiment de r\u00e8gles concernant la conservation de vos contrats de travail. Mais tout comme bon nombre de documents administratifs, il est conseill\u00e9 de les garder durant au minimum la <strong>dur\u00e9e de votre emploi relatif au contrat<\/strong>, et quelques ann\u00e9es apr\u00e8s. En effet, il est toujours int\u00e9ressant de pouvoir <strong>comparer vos revenus et avantages extra-l\u00e9gaux<\/strong> d\u2019un employeur \u00e0 l\u2019autre. <strong>En cas de litige <\/strong>avec votre employeur, vous pourriez avoir recours au contenu de votre contrat pour <strong>justifier<\/strong> l\u2019une ou l\u2019autre chose.<\/p>\n\n\n\n<p class=\"has-medium-font-size\">Voir aussi <a href=\"https:\/\/izimi.yaqa.be\/faqs\/faut-il-garder-ses-contrats-de-travail\/\" target=\"_blank\" rel=\"noreferrer noopener\">https:\/\/izimi.yaqa.be\/faq\/faut-t-il-garder-ses-contrats-de-travail<\/a><\/p>\n\n\n\n<h2 class=\"wp-block-heading\">Dur\u00e9e de conservation des contrats de travail<\/h2>\n\n\n\n<p class=\"has-medium-font-size\">La gestion et la conservation des ses contrats de travail n\u2019est pas r\u00e8glement\u00e9e par la loi. Il s\u2019agit avant tout de <strong>bon sens et de prudence<\/strong>. Garder ses contrats de travail <strong>durant sa vie professionnelle<\/strong> nous semple recommandable.<\/p>\n\n\n\n<div class=\"wp-block-buttons is-layout-flex wp-block-buttons-is-layout-flex\">\n<div class=\"wp-block-button has-custom-font-size has-medium-font-size\"><a class=\"wp-block-button__link has-background\" href=\"https:\/\/izimi.yaqa.be\/creez-votre-compte-izimi\/\" style=\"background-color:#00b3c4\">Garder mes contrats de travail dans mon coffre-fort num\u00e9rique<\/a><\/div>\n<\/div>\n\n\n\n<p><\/p>\n","protected":false},"excerpt":{"rendered":"<p>Il n\u2019existe pas vraiment de r\u00e8gles concernant la conservation de vos contrats de travail. Mais tout comme bon nombre de documents administratifs, il est conseill\u00e9 de les garder durant au minimum la dur\u00e9e de votre emploi relatif au contrat, et quelques ann\u00e9es apr\u00e8s. En effet, il est toujours int\u00e9ressant de pouvoir comparer vos revenus et avantages extra-l\u00e9gaux d\u2019un employeur \u00e0 &#8230; <\/p>\n<div><a href=\"https:\/\/izimi.yaqa.be\/fr\/gerer-vos-documents\/conserver-ses-documents\/garder-ses-contrats-de-travail\/\" class=\"more-link\">Read More<\/a><\/div>\n","protected":false},"author":1,"featured_media":0,"parent":147455,"menu_order":0,"comment_status":"closed","ping_status":"closed","template":"template-layout-full-width.php","meta":{"footnotes":""},"_links":{"self":[{"href":"https:\/\/izimi.yaqa.be\/fr\/wp-json\/wp\/v2\/pages\/145254"}],"collection":[{"href":"https:\/\/izimi.yaqa.be\/fr\/wp-json\/wp\/v2\/pages"}],"about":[{"href":"https:\/\/izimi.yaqa.be\/fr\/wp-json\/wp\/v2\/types\/page"}],"author":[{"embeddable":true,"href":"https:\/\/izimi.yaqa.be\/fr\/wp-json\/wp\/v2\/users\/1"}],"replies":[{"embeddable":true,"href":"https:\/\/izimi.yaqa.be\/fr\/wp-json\/wp\/v2\/comments?post=145254"}],"version-history":[{"count":0,"href":"https:\/\/izimi.yaqa.be\/fr\/wp-json\/wp\/v2\/pages\/145254\/revisions"}],"up":[{"embeddable":true,"href":"https:\/\/izimi.yaqa.be\/fr\/wp-json\/wp\/v2\/pages\/147455"}],"wp:attachment":[{"href":"https:\/\/izimi.yaqa.be\/fr\/wp-json\/wp\/v2\/media?parent=145254"}],"curies":[{"name":"wp","href":"https:\/\/api.w.org\/{rel}","templated":true}]}}