{"id":145256,"date":"2022-07-04T12:00:52","date_gmt":"2022-07-04T10:00:52","guid":{"rendered":"https:\/\/izimi.yaqa.be\/?page_id=145256"},"modified":"2023-03-30T14:33:12","modified_gmt":"2023-03-30T12:33:12","slug":"garder-ses-fiches-de-paie","status":"publish","type":"page","link":"https:\/\/izimi.yaqa.be\/fr\/gerer-vos-documents\/conserver-ses-documents\/garder-ses-fiches-de-paie\/","title":{"rendered":"Garder ses fiches de paie"},"content":{"rendered":"\n<p class=\"has-medium-font-size\">Bulletins de paie, fiches de salaires, attestations de revenus,\u2026 quel que soit le nom que vous leur donnez, ces documents <strong>attestent de vos revenus <\/strong>et sont donc tr\u00e8s utiles, voire n\u00e9cessaires dans certaines situation. Mieux vaut donc les <strong>conserver \u00e0 vie. <\/strong><\/p>\n\n\n\n<p class=\"has-medium-font-size\">Garder ses bulletins de salaire vous servira en autre  <\/p>\n\n\n\n<ul><li>\u00e0 faire une demande visa \u00e0 l\u2019\u00e9tranger si vous souhaiter y rester un peu (et donc prouver que vous pouvez subvenir \u00e0 vos besoins), <\/li><li>\u00e0 faire une demande de cr\u00e9dit hypoth\u00e9caire ou de pr\u00eat personnel, <\/li><li>mais aussi \u00e0 fournir des preuves et garanties \u00e0 vos potentiels futurs propri\u00e9taires si vous souhaitez louer un bien. <\/li><\/ul>\n\n\n\n<p>Ces fiches de paie serviront \u00e9galement pour votre <strong>d\u00e9claration d\u2019imp\u00f4ts,<\/strong> tout comme d\u2019autres documents \u00e0 conserver relatifs \u00e0 vos revenus.<\/p>\n\n\n\n<p class=\"has-medium-font-size\">Enfin, vos bulletins de salaire pourraient \u00e9galement servir \u00e0 f<strong>aire valoir vos droits de pension <\/strong>et prouver que vous avez <strong>suffisamment cotis\u00e9<\/strong> pour votre pension.<\/p>\n\n\n\n<h2 class=\"wp-block-heading\">Dur\u00e9e de conservation des fiches de paie<\/h2>\n\n\n\n<p class=\"has-medium-font-size\">L\u2019administration recommande vivement de conserver ses fiches de paie <strong>au minimum jusqu\u2019\u00e0 sa pension.\u00a0<\/strong><\/p>\n\n\n\n<p class=\"has-medium-font-size\">Voir aussi <a href=\"https:\/\/izimi.yaqa.be\/faqs\/combien-de-temps-garder-ses-fiches-de-paie\/\">https:\/\/izimi.yaqa.be\/faqs\/combien-de-temps-garder-ses-fiches-de-paie<\/a><\/p>\n\n\n\n<div class=\"wp-block-buttons is-layout-flex wp-block-buttons-is-layout-flex\">\n<div class=\"wp-block-button has-custom-font-size has-medium-font-size\"><a class=\"wp-block-button__link has-background\" href=\"https:\/\/izimi.yaqa.be\/creez-votre-compte-izimi\/\" style=\"background-color:#00b3c4\">Ouvrir mon coffre-fort num\u00e9rique<\/a><\/div>\n<\/div>\n","protected":false},"excerpt":{"rendered":"<p>Bulletins de paie, fiches de salaires, attestations de revenus,\u2026 quel que soit le nom que vous leur donnez, ces documents attestent de vos revenus et sont donc tr\u00e8s utiles, voire n\u00e9cessaires dans certaines situation. Mieux vaut donc les conserver \u00e0 vie. Garder ses bulletins de salaire vous servira en autre \u00e0 faire une demande visa \u00e0 l\u2019\u00e9tranger si vous souhaiter &#8230; <\/p>\n<div><a href=\"https:\/\/izimi.yaqa.be\/fr\/gerer-vos-documents\/conserver-ses-documents\/garder-ses-fiches-de-paie\/\" class=\"more-link\">Read More<\/a><\/div>\n","protected":false},"author":1,"featured_media":0,"parent":147455,"menu_order":0,"comment_status":"closed","ping_status":"closed","template":"template-layout-full-width.php","meta":{"footnotes":""},"_links":{"self":[{"href":"https:\/\/izimi.yaqa.be\/fr\/wp-json\/wp\/v2\/pages\/145256"}],"collection":[{"href":"https:\/\/izimi.yaqa.be\/fr\/wp-json\/wp\/v2\/pages"}],"about":[{"href":"https:\/\/izimi.yaqa.be\/fr\/wp-json\/wp\/v2\/types\/page"}],"author":[{"embeddable":true,"href":"https:\/\/izimi.yaqa.be\/fr\/wp-json\/wp\/v2\/users\/1"}],"replies":[{"embeddable":true,"href":"https:\/\/izimi.yaqa.be\/fr\/wp-json\/wp\/v2\/comments?post=145256"}],"version-history":[{"count":0,"href":"https:\/\/izimi.yaqa.be\/fr\/wp-json\/wp\/v2\/pages\/145256\/revisions"}],"up":[{"embeddable":true,"href":"https:\/\/izimi.yaqa.be\/fr\/wp-json\/wp\/v2\/pages\/147455"}],"wp:attachment":[{"href":"https:\/\/izimi.yaqa.be\/fr\/wp-json\/wp\/v2\/media?parent=145256"}],"curies":[{"name":"wp","href":"https:\/\/api.w.org\/{rel}","templated":true}]}}