{"id":145258,"date":"2022-07-04T12:01:20","date_gmt":"2022-07-04T10:01:20","guid":{"rendered":"https:\/\/izimi.yaqa.be\/?page_id=145258"},"modified":"2023-03-30T14:32:52","modified_gmt":"2023-03-30T12:32:52","slug":"garder-ses-documents-fiscaux","status":"publish","type":"page","link":"https:\/\/izimi.yaqa.be\/fr\/gerer-vos-documents\/conserver-ses-documents\/garder-ses-documents-fiscaux\/","title":{"rendered":"Garder ses documents fiscaux"},"content":{"rendered":"\n<p class=\"has-medium-font-size\">Vos documents fiscaux tels que documents li\u00e9s \u00e0 votre <strong>soci\u00e9t\u00e9, documents TVA, documents relatifs \u00e0 votre comptabilit\u00e9, documents sociaux, .<\/strong>. sont autant de documents \u00e0 conserver pr\u00e9cieusement <strong>en un seul endroit<\/strong> : dans votre c<strong>offre-fort Izimi<\/strong>. Ils vous serviront pour votre <strong>d\u00e9claration d\u2019imp\u00f4ts<\/strong> et en cas de <strong>contr\u00f4le fiscal.<\/strong><\/p>\n\n\n\n<h2 class=\"wp-block-heading\">Combien de temps garder ses documents administratifs et fiscaux ?<\/h2>\n\n\n\n<p class=\"has-medium-font-size\">Difficile de lister avec pr\u00e9cision les d\u00e9lais de conservation des documents administratifs et fiscaux. Pour plus de s\u00e9curit\u00e9, il est recommander de garder les documents fiscaux et factures diverses <strong>en moyenne 10 ans<\/strong>. Une exception \u00e0 cela\u00a0: les documents administratifs et fiscaux li\u00e9s \u00e0 l\u2019<strong>immobilier.<\/strong> Ceux-l\u00e0 doivent \u00eatre conserv\u00e9s <strong>minimum 15 ans.<\/strong><\/p>\n\n\n\n<div class=\"wp-block-buttons is-layout-flex wp-block-buttons-is-layout-flex\">\n<div class=\"wp-block-button has-custom-font-size has-medium-font-size\"><a class=\"wp-block-button__link has-background\" href=\"https:\/\/izimi.yaqa.be\/creez-votre-compte-izimi\/\" style=\"background-color:#00b3c4\">Garder mes documents fiscaux dans mon coffre-fort num\u00e9rique<\/a><\/div>\n<\/div>\n","protected":false},"excerpt":{"rendered":"<p>Vos documents fiscaux tels que documents li\u00e9s \u00e0 votre soci\u00e9t\u00e9, documents TVA, documents relatifs \u00e0 votre comptabilit\u00e9, documents sociaux, .. sont autant de documents \u00e0 conserver pr\u00e9cieusement en un seul endroit : dans votre coffre-fort Izimi. Ils vous serviront pour votre d\u00e9claration d\u2019imp\u00f4ts et en cas de contr\u00f4le fiscal. Combien de temps garder ses documents administratifs et fiscaux ? Difficile &#8230; <\/p>\n<div><a href=\"https:\/\/izimi.yaqa.be\/fr\/gerer-vos-documents\/conserver-ses-documents\/garder-ses-documents-fiscaux\/\" class=\"more-link\">Read More<\/a><\/div>\n","protected":false},"author":1,"featured_media":0,"parent":147455,"menu_order":0,"comment_status":"closed","ping_status":"closed","template":"template-layout-full-width.php","meta":{"footnotes":""},"_links":{"self":[{"href":"https:\/\/izimi.yaqa.be\/fr\/wp-json\/wp\/v2\/pages\/145258"}],"collection":[{"href":"https:\/\/izimi.yaqa.be\/fr\/wp-json\/wp\/v2\/pages"}],"about":[{"href":"https:\/\/izimi.yaqa.be\/fr\/wp-json\/wp\/v2\/types\/page"}],"author":[{"embeddable":true,"href":"https:\/\/izimi.yaqa.be\/fr\/wp-json\/wp\/v2\/users\/1"}],"replies":[{"embeddable":true,"href":"https:\/\/izimi.yaqa.be\/fr\/wp-json\/wp\/v2\/comments?post=145258"}],"version-history":[{"count":0,"href":"https:\/\/izimi.yaqa.be\/fr\/wp-json\/wp\/v2\/pages\/145258\/revisions"}],"up":[{"embeddable":true,"href":"https:\/\/izimi.yaqa.be\/fr\/wp-json\/wp\/v2\/pages\/147455"}],"wp:attachment":[{"href":"https:\/\/izimi.yaqa.be\/fr\/wp-json\/wp\/v2\/media?parent=145258"}],"curies":[{"name":"wp","href":"https:\/\/api.w.org\/{rel}","templated":true}]}}