{"id":145260,"date":"2022-07-04T12:01:47","date_gmt":"2022-07-04T10:01:47","guid":{"rendered":"https:\/\/izimi.yaqa.be\/?page_id=145260"},"modified":"2023-03-30T14:32:46","modified_gmt":"2023-03-30T12:32:46","slug":"garder-ses-diplomes","status":"publish","type":"page","link":"https:\/\/izimi.yaqa.be\/fr\/gerer-vos-documents\/conserver-ses-documents\/garder-ses-diplomes\/","title":{"rendered":"Garder ses dipl\u00f4mes ou brevets"},"content":{"rendered":"\n<p class=\"has-medium-font-size\">Garder vos dipl\u00f4mes ou certificats est essentiel car ces documents administratifs ont une<strong> valeur juridique<\/strong> et vous permettent de <strong>justifier une formation<\/strong> ou <strong>authentifier des connaissances. <\/strong><\/p>\n\n\n\n<p class=\"has-medium-font-size\">Ils seront utiles si vous devez par exemple <\/p>\n\n\n\n<ul><li>demander une bourse scolaire, <\/li><li>solliciter aupr\u00e8s d\u2019employeurs <\/li><li>ou faire une demande de logement. <\/li><\/ul>\n\n\n\n<p class=\"has-medium-font-size\">Parmi les documents de ce type \u00e0 conserver: le <strong>permis de conduire<\/strong> (voiture, moto, poids-lourd ou m\u00eame bateau !). En effet, lors d&rsquo;un contr\u00f4le routier, vous devrez <strong>imp\u00e9rativement<\/strong> pr\u00e9senter les <strong>documents ORIGINAUX <\/strong>(Certificat d&rsquo;assurance ou carte verte, Certificat d&rsquo;immatriculation, Certificat de contr\u00f4le technique, Certificat de conformit\u00e9) ceux-ci faisant <strong>seule preuve<\/strong> de l&rsquo;ordre du v\u00e9hicule. Mais il peut \u00eatre int\u00e9ressant de <strong>disposer d\u2019une copie num\u00e9rique,<\/strong> ce document \u00e9tant consid\u00e9r\u00e9 comme pi\u00e8ce d\u2019identit\u00e9. A d\u00e9faut, proc\u00e8s-verbal peut \u00eatre dress\u00e9 et le v\u00e9hicule peut, le cas \u00e9ch\u00e9ant, \u00eatre immobilis\u00e9 le temps de pouvoir pr\u00e9senter les documents originaux au service de police qui effectue le contr\u00f4le.<\/p>\n\n\n\n<h2 class=\"wp-block-heading\">Quelle et la dur\u00e9e de conservation des documents comme les dipl\u00f4mes ou certificats d\u2019\u00e9tude ?<\/h2>\n\n\n\n<p class=\"has-medium-font-size\">Durant la scolarit\u00e9, il est pr\u00e9f\u00e9rable de <strong>conserver ses dipl\u00f4mes acquis jusqu\u2019\u00e0 l\u2019obtention du dipl\u00f4me ou certificat ultime,<\/strong> validant le dernier cycle d\u2019\u00e9tude. Par s\u00e9curit\u00e9, il est conseill\u00e9 de garder ses dipl\u00f4mes ou attestations <strong>\u00e0 vie<\/strong>. En cas de besoin, demander un<strong> duplicata peut s\u2019av\u00e9rer tr\u00e8s couteux.<\/strong><\/p>\n\n\n\n<p class=\"has-medium-font-size\">Voir aussi \u00ab <a href=\"https:\/\/izimi.yaqa.be\/info-et-actualites\/vos-certifications-et-diplomes-ont-de-la-valeur-protegez-les-avec-izimi\/\">Vos dipl\u00f4mes et certifications ont de la valeur ! Prot\u00e9gez-les avec Izimi.<\/a>\u201d<\/p>\n\n\n\n<div class=\"wp-block-buttons is-layout-flex wp-block-buttons-is-layout-flex\">\n<div class=\"wp-block-button has-custom-font-size has-medium-font-size\"><a class=\"wp-block-button__link has-background\" href=\"https:\/\/izimi.yaqa.be\/creez-votre-compte-izimi\/\" style=\"background-color:#00b3c4\">Sauvegarder mes dipl\u00f4mes dans mon coffre-fort num\u00e9rique<\/a><\/div>\n<\/div>\n","protected":false},"excerpt":{"rendered":"<p>Garder vos dipl\u00f4mes ou certificats est essentiel car ces documents administratifs ont une valeur juridique et vous permettent de justifier une formation ou authentifier des connaissances. Ils seront utiles si vous devez par exemple demander une bourse scolaire, solliciter aupr\u00e8s d\u2019employeurs ou faire une demande de logement. Parmi les documents de ce type \u00e0 conserver: le permis de conduire (voiture, &#8230; <\/p>\n<div><a href=\"https:\/\/izimi.yaqa.be\/fr\/gerer-vos-documents\/conserver-ses-documents\/garder-ses-diplomes\/\" class=\"more-link\">Read More<\/a><\/div>\n","protected":false},"author":1,"featured_media":0,"parent":147455,"menu_order":0,"comment_status":"closed","ping_status":"closed","template":"template-layout-full-width.php","meta":{"footnotes":""},"_links":{"self":[{"href":"https:\/\/izimi.yaqa.be\/fr\/wp-json\/wp\/v2\/pages\/145260"}],"collection":[{"href":"https:\/\/izimi.yaqa.be\/fr\/wp-json\/wp\/v2\/pages"}],"about":[{"href":"https:\/\/izimi.yaqa.be\/fr\/wp-json\/wp\/v2\/types\/page"}],"author":[{"embeddable":true,"href":"https:\/\/izimi.yaqa.be\/fr\/wp-json\/wp\/v2\/users\/1"}],"replies":[{"embeddable":true,"href":"https:\/\/izimi.yaqa.be\/fr\/wp-json\/wp\/v2\/comments?post=145260"}],"version-history":[{"count":0,"href":"https:\/\/izimi.yaqa.be\/fr\/wp-json\/wp\/v2\/pages\/145260\/revisions"}],"up":[{"embeddable":true,"href":"https:\/\/izimi.yaqa.be\/fr\/wp-json\/wp\/v2\/pages\/147455"}],"wp:attachment":[{"href":"https:\/\/izimi.yaqa.be\/fr\/wp-json\/wp\/v2\/media?parent=145260"}],"curies":[{"name":"wp","href":"https:\/\/api.w.org\/{rel}","templated":true}]}}