{"id":145262,"date":"2022-07-04T12:02:16","date_gmt":"2022-07-04T10:02:16","guid":{"rendered":"https:\/\/izimi.yaqa.be\/?page_id=145262"},"modified":"2023-03-30T14:33:24","modified_gmt":"2023-03-30T12:33:24","slug":"garder-son-testament","status":"publish","type":"page","link":"https:\/\/izimi.yaqa.be\/fr\/gerer-vos-documents\/conserver-ses-documents\/garder-son-testament\/","title":{"rendered":"Garder son testament"},"content":{"rendered":"\n<p class=\"has-medium-font-size\">Qu\u2019il s\u2019agisse d\u2019un<strong> testament olographe<\/strong> (\u00e9crit par le testateur, seul) ou d\u2019un testament <strong>authentique<\/strong>, il est vivement conseill\u00e9 de veiller \u00e0 ce qu\u2019il soit <strong>enregistr\u00e9 au Registre Central des testaments (CRT)<\/strong> car lors du d\u00e9c\u00e8s, la consultation de ce registre permettra aux h\u00e9ritiers de savoir s\u2019il existe, ou non, un testament et quel notaire en assure la garde. &nbsp;Cette sauvegarde s\u2019op\u00e8re via le notaire. <strong>La copie d\u2019un testament <\/strong>peut \u00eatre conserv\u00e9e dans Izimi mais cela n\u2019est pas suffisant et ne peut donc jamais \u00eatre accept\u00e9e comme l\u2019original ; le d\u00e9p\u00f4t du testament aupr\u00e8s d\u2019un notaire reste <strong>indispensable<\/strong>. Cela dit, retrouver une copie d\u2019un testament olographe pourrait indiquer que le d\u00e9funt avait bel et bien r\u00e9dig\u00e9 un testament olographe. Par cons\u00e9quent, la copie du testament a valeur juridique mais les dispositions de derni\u00e8res volont\u00e9s du d\u00e9funt b\u00e9n\u00e9ficient, dans ce cas, d\u2019une force probante moindre et peuvent plus facilement \u00eatre contest\u00e9es.<\/p>\n\n\n\n<h2 class=\"wp-block-heading\">O\u00f9 laisser ses derni\u00e8res volont\u00e9s&nbsp;?<\/h2>\n\n\n\n<p class=\"has-medium-font-size\"><strong>Le testament de vie<\/strong><\/p>\n\n\n\n<p class=\"has-medium-font-size\">Il existe diff\u00e9rentes fa\u00e7ons de pr\u00e9parer sa fin de vie et d\u2019anticiper le cas o\u00f9 une personne deviendrait, dans les faits, incapable, de faire conna\u00eetre ses propres souhaits ou de donner son consentement. <\/p>\n\n\n\n<p class=\"has-medium-font-size\">La premi\u00e8re est de constituer un document pour <strong>exprimer ses souhaits et derni\u00e8res volont\u00e9s<\/strong>&nbsp;: &nbsp;<strong>\u00ab le testament de vie \u00bb.<\/strong> Celui-ci est <strong>\u00e0 ne pas confondre avec le testament classique <\/strong>car il est <strong>d\u2019application AVANT le d\u00e9c\u00e8s <\/strong>et <strong>concerne la phase finale de la vie<\/strong> d\u2019une personne. Le testament de vie n&rsquo;est <strong>pas r\u00e9glement\u00e9 par la loi<\/strong>. <\/p>\n\n\n\n<p class=\"has-medium-font-size\">Il y a aussi les <a href=\"https:\/\/www.notaire.be\/famille\/la-protection-de-mes-proches\/les-declarations-de-volonte-anticipees\">d\u00e9clarations de volont\u00e9 anticip\u00e9es<\/a> (DVA relative \u00e0 l\u2019euthanasie, DVA quant aux obs\u00e8ques, DVA de dons d\u2019organes, .. ) qui elles, ont f<strong>orce juridique <\/strong>et peuvent \u00eatre enregistr\u00e9es. <\/p>\n\n\n\n<p class=\"has-medium-font-size\">D\u2019autres mandats ou d\u00e9clarations existent encore, tout comme une <a href=\"\/\/\/Users\/tom\/Downloads\/Brochure-Et-apres-moi-2020-LD.pdf\" target=\"_blank\" rel=\"noreferrer noopener\">brochure \u00ab&nbsp;Et apr\u00e8s moi &#8230;Instructions \u00e0 mes proches&nbsp;\u00bb<\/a> .<\/p>\n\n\n\n<p class=\"has-medium-font-size\">Pensez \u00e0 <strong>regrouper<\/strong> ces documents <strong>dans votre coffre-fort Izimi<\/strong>. Que ce soit pour les mettre \u00e0 jour de votre vivant ou pour faciliter la vie de vos h\u00e9ritiers.&nbsp;<\/p>\n\n\n\n<div class=\"wp-block-buttons is-layout-flex wp-block-buttons-is-layout-flex\">\n<div class=\"wp-block-button has-custom-font-size has-medium-font-size\"><a class=\"wp-block-button__link has-background\" href=\"https:\/\/izimi.yaqa.be\/creez-votre-compte-izimi\/\" style=\"background-color:#00b3c4\">Laisser mes derni\u00e8res volont\u00e9s dans mon coffre-fort num\u00e9rique<\/a><\/div>\n<\/div>\n","protected":false},"excerpt":{"rendered":"<p>Qu\u2019il s\u2019agisse d\u2019un testament olographe (\u00e9crit par le testateur, seul) ou d\u2019un testament authentique, il est vivement conseill\u00e9 de veiller \u00e0 ce qu\u2019il soit enregistr\u00e9 au Registre Central des testaments (CRT) car lors du d\u00e9c\u00e8s, la consultation de ce registre permettra aux h\u00e9ritiers de savoir s\u2019il existe, ou non, un testament et quel notaire en assure la garde. &nbsp;Cette sauvegarde &#8230; <\/p>\n<div><a href=\"https:\/\/izimi.yaqa.be\/fr\/gerer-vos-documents\/conserver-ses-documents\/garder-son-testament\/\" class=\"more-link\">Read More<\/a><\/div>\n","protected":false},"author":1,"featured_media":0,"parent":147455,"menu_order":0,"comment_status":"closed","ping_status":"closed","template":"template-layout-full-width.php","meta":{"footnotes":""},"_links":{"self":[{"href":"https:\/\/izimi.yaqa.be\/fr\/wp-json\/wp\/v2\/pages\/145262"}],"collection":[{"href":"https:\/\/izimi.yaqa.be\/fr\/wp-json\/wp\/v2\/pages"}],"about":[{"href":"https:\/\/izimi.yaqa.be\/fr\/wp-json\/wp\/v2\/types\/page"}],"author":[{"embeddable":true,"href":"https:\/\/izimi.yaqa.be\/fr\/wp-json\/wp\/v2\/users\/1"}],"replies":[{"embeddable":true,"href":"https:\/\/izimi.yaqa.be\/fr\/wp-json\/wp\/v2\/comments?post=145262"}],"version-history":[{"count":0,"href":"https:\/\/izimi.yaqa.be\/fr\/wp-json\/wp\/v2\/pages\/145262\/revisions"}],"up":[{"embeddable":true,"href":"https:\/\/izimi.yaqa.be\/fr\/wp-json\/wp\/v2\/pages\/147455"}],"wp:attachment":[{"href":"https:\/\/izimi.yaqa.be\/fr\/wp-json\/wp\/v2\/media?parent=145262"}],"curies":[{"name":"wp","href":"https:\/\/api.w.org\/{rel}","templated":true}]}}