{"id":145264,"date":"2022-07-04T12:02:51","date_gmt":"2022-07-04T10:02:51","guid":{"rendered":"https:\/\/izimi.yaqa.be\/?page_id=145264"},"modified":"2023-03-30T14:33:17","modified_gmt":"2023-03-30T12:33:17","slug":"garder-ses-mots-de-passe","status":"publish","type":"page","link":"https:\/\/izimi.yaqa.be\/fr\/gerer-vos-documents\/conserver-ses-documents\/garder-ses-mots-de-passe\/","title":{"rendered":"Garder ses mots de passe"},"content":{"rendered":"\n<p class=\"has-medium-font-size\">Acc\u00e9der \u00e0 votre <strong>compte Facebook<\/strong>, \u00e0 votre <strong>application bancaire<\/strong>, d\u00e9verrouiller votre <strong>smartphone ou votre ordinateur, <\/strong>ouvrir un <strong>portail s\u00e9curis\u00e9<\/strong> ou d\u00e9sactiver une <strong>alarme,<\/strong> acc\u00e9der \u00e0 des <strong>applications de\u00a0 sant\u00e9, de voyage, de paiement<\/strong> \u2026 les mots de passe permettent de s\u2019identifier, s\u2019authentifier pour autoriser un acc\u00e8s. Il est presque impossible aujourd\u2019hui de retenir tous les identifiants et mots de passe que la soci\u00e9t\u00e9 moderne nous impose. D\u2019autant que les pirates sont de plus en plus efficaces pour prendre le contr\u00f4le \u00e0 distance de nos appareils, ce qui nous oblige \u00e0 cr\u00e9er des mots de passe toujours plus complexes et plus difficiles \u00e0 se souvenir. Avoir une <strong>application pour garder ses mots de passe <\/strong>est donc devenu une obligation s\u2019il on ne veut pas se trouver dans l\u2019embarras.\u00a0<\/p>\n\n\n\n<h2 class=\"wp-block-heading\">Comment conserver ses mots de passe ?<\/h2>\n\n\n\n<p class=\"has-medium-font-size\"><strong>Izimi <\/strong>permet donc de <strong>conserver tous ses mots de passe,<\/strong> centralis\u00e9s dans <strong>un seul endroit <\/strong>hyper s\u00e9curis\u00e9\u00a0; garder ses identifiants et mots de passe devient un jeu d\u2019enfant\u00a0: il vous suffit de les <strong>rassembler dans un document word ou excel<\/strong> et de sauvegarder le document dans votre coffre-fort Izimi. Ainsi, depuis votre PC ou votre smartphone, et gr\u00e2ce \u00e0 votre identification itsme, vous avez <strong>partout et tout le temps <\/strong>acc\u00e8s \u00e0 tous vos mots de passe\u00a0!<\/p>\n\n\n\n<div class=\"wp-block-buttons is-layout-flex wp-block-buttons-is-layout-flex\">\n<div class=\"wp-block-button has-custom-font-size has-medium-font-size\"><a class=\"wp-block-button__link has-background\" href=\"https:\/\/izimi.yaqa.be\/creez-votre-compte-izimi\/\" style=\"background-color:#00b3c4\">Garder mes mots de passe dans mon coffre-fort num\u00e9rique<\/a><\/div>\n<\/div>\n","protected":false},"excerpt":{"rendered":"<p>Acc\u00e9der \u00e0 votre compte Facebook, \u00e0 votre application bancaire, d\u00e9verrouiller votre smartphone ou votre ordinateur, ouvrir un portail s\u00e9curis\u00e9 ou d\u00e9sactiver une alarme, acc\u00e9der \u00e0 des applications de\u00a0 sant\u00e9, de voyage, de paiement \u2026 les mots de passe permettent de s\u2019identifier, s\u2019authentifier pour autoriser un acc\u00e8s. Il est presque impossible aujourd\u2019hui de retenir tous les identifiants et mots de passe &#8230; <\/p>\n<div><a href=\"https:\/\/izimi.yaqa.be\/fr\/gerer-vos-documents\/conserver-ses-documents\/garder-ses-mots-de-passe\/\" class=\"more-link\">Read More<\/a><\/div>\n","protected":false},"author":1,"featured_media":0,"parent":147455,"menu_order":0,"comment_status":"closed","ping_status":"closed","template":"template-layout-full-width.php","meta":{"footnotes":""},"_links":{"self":[{"href":"https:\/\/izimi.yaqa.be\/fr\/wp-json\/wp\/v2\/pages\/145264"}],"collection":[{"href":"https:\/\/izimi.yaqa.be\/fr\/wp-json\/wp\/v2\/pages"}],"about":[{"href":"https:\/\/izimi.yaqa.be\/fr\/wp-json\/wp\/v2\/types\/page"}],"author":[{"embeddable":true,"href":"https:\/\/izimi.yaqa.be\/fr\/wp-json\/wp\/v2\/users\/1"}],"replies":[{"embeddable":true,"href":"https:\/\/izimi.yaqa.be\/fr\/wp-json\/wp\/v2\/comments?post=145264"}],"version-history":[{"count":0,"href":"https:\/\/izimi.yaqa.be\/fr\/wp-json\/wp\/v2\/pages\/145264\/revisions"}],"up":[{"embeddable":true,"href":"https:\/\/izimi.yaqa.be\/fr\/wp-json\/wp\/v2\/pages\/147455"}],"wp:attachment":[{"href":"https:\/\/izimi.yaqa.be\/fr\/wp-json\/wp\/v2\/media?parent=145264"}],"curies":[{"name":"wp","href":"https:\/\/api.w.org\/{rel}","templated":true}]}}