{"id":145267,"date":"2022-07-04T12:06:01","date_gmt":"2022-07-04T10:06:01","guid":{"rendered":"https:\/\/izimi.yaqa.be\/?page_id=145267"},"modified":"2023-03-30T14:32:59","modified_gmt":"2023-03-30T12:32:59","slug":"garder-ses-extraits-de-compte","status":"publish","type":"page","link":"https:\/\/izimi.yaqa.be\/fr\/gerer-vos-documents\/conserver-ses-documents\/garder-ses-extraits-de-compte\/","title":{"rendered":"Garder ses extraits de compte"},"content":{"rendered":"\n<p class=\"has-medium-font-size\">Les relev\u00e9s bancaires ou extraits de compte sont consid\u00e9r\u00e9s comme des <strong>preuves de paiement <\/strong>que vous aurez peut-\u00eatre \u00e0 pr\u00e9senter lors de situation pr\u00e9cises, comme une <strong>s\u00e9paration, un divorce ou un r\u00e8glement de dette.<\/strong> Prouver votre participation ou ces d\u00e9marches devant la justice peut donc \u00eatre n\u00e9cessaire parfois.\u00a0<\/p>\n\n\n\n<h2 class=\"wp-block-heading\">Pourquoi garder ses relev\u00e9s de compte ?<\/h2>\n\n\n\n<p class=\"has-medium-font-size\">C\u2019est principalement pour l\u2019exercice de la <strong>d\u00e9claration d\u2019imp\u00f4t<\/strong> que vous devrez annexer certains extraits de compte. M\u00eame si le d\u00e9lai de contr\u00f4le de la d\u00e9claration fiscale est de <strong>3 ans<\/strong>, en cas de <strong>suspicion de fraude<\/strong>, ce d\u00e9lai est port\u00e9 \u00e0 <strong>7 ans. <\/strong>Plus d\u2019infos dans \u00ab\u00a0<a href=\"https:\/\/izimi.yaqa.be\/faqs\/combien-de-temps-garder-ses-extraits-de-compte\/\" target=\"_blank\" rel=\"noreferrer noopener\">Combien de temps garder ses extraits de compte ?<\/a>\u00a0\u00bb<\/p>\n\n\n\n<h2 class=\"wp-block-heading\">Dur\u00e9e de conservation des extraits de compte<\/h2>\n\n\n\n<p class=\"has-medium-font-size\"><strong>Le SPF Finances <\/strong>recommande de conserver <strong>7 ans<\/strong> tous les documents qui pourraient servir \u00e0 compl\u00e9ter votre d\u00e9claration d\u2019imp\u00f4t \u00a0(fiches de salaire, fiches de pension, extraits bancaires pour les pensions alimentaires, les attestations d\u2019emprunt, frais professionnels si vous \u00eates ind\u00e9pendant\u2026). La plupart des banques permettent, via leurs applications, de t\u00e9l\u00e9charger vos relev\u00e9s bancaires et m\u00eame de remonter \u00e0 plusieurs ann\u00e9es. Quant \u00e0 <strong>Test Achats,<\/strong> ils recommandent de les garder <strong>10 ans.<\/strong><\/p>\n\n\n\n<p class=\"has-medium-font-size\">Voir aussi <a href=\"https:\/\/www.test-achats.be\/argent\/payer\/dossier\/l-importance-de-vos-extraits-de-compte\" target=\"_blank\" rel=\"noreferrer noopener\">\u00ab&nbsp;De l\u2019importance de vos extraits de compte&nbsp;\u00bb<\/a><\/p>\n\n\n\n<div class=\"wp-block-buttons is-layout-flex wp-block-buttons-is-layout-flex\">\n<div class=\"wp-block-button has-custom-font-size has-medium-font-size\"><a class=\"wp-block-button__link has-background\" href=\"https:\/\/izimi.yaqa.be\/creez-votre-compte-izimi\/\" style=\"background-color:#00b3c4\">Conserver mes extraits de compte dans mon coffre-fort num\u00e9rique<\/a><\/div>\n<\/div>\n","protected":false},"excerpt":{"rendered":"<p>Les relev\u00e9s bancaires ou extraits de compte sont consid\u00e9r\u00e9s comme des preuves de paiement que vous aurez peut-\u00eatre \u00e0 pr\u00e9senter lors de situation pr\u00e9cises, comme une s\u00e9paration, un divorce ou un r\u00e8glement de dette. Prouver votre participation ou ces d\u00e9marches devant la justice peut donc \u00eatre n\u00e9cessaire parfois.\u00a0 Pourquoi garder ses relev\u00e9s de compte ? C\u2019est principalement pour l\u2019exercice de &#8230; <\/p>\n<div><a href=\"https:\/\/izimi.yaqa.be\/fr\/gerer-vos-documents\/conserver-ses-documents\/garder-ses-extraits-de-compte\/\" class=\"more-link\">Read More<\/a><\/div>\n","protected":false},"author":1,"featured_media":0,"parent":147455,"menu_order":0,"comment_status":"closed","ping_status":"closed","template":"template-layout-full-width.php","meta":{"footnotes":""},"_links":{"self":[{"href":"https:\/\/izimi.yaqa.be\/fr\/wp-json\/wp\/v2\/pages\/145267"}],"collection":[{"href":"https:\/\/izimi.yaqa.be\/fr\/wp-json\/wp\/v2\/pages"}],"about":[{"href":"https:\/\/izimi.yaqa.be\/fr\/wp-json\/wp\/v2\/types\/page"}],"author":[{"embeddable":true,"href":"https:\/\/izimi.yaqa.be\/fr\/wp-json\/wp\/v2\/users\/1"}],"replies":[{"embeddable":true,"href":"https:\/\/izimi.yaqa.be\/fr\/wp-json\/wp\/v2\/comments?post=145267"}],"version-history":[{"count":0,"href":"https:\/\/izimi.yaqa.be\/fr\/wp-json\/wp\/v2\/pages\/145267\/revisions"}],"up":[{"embeddable":true,"href":"https:\/\/izimi.yaqa.be\/fr\/wp-json\/wp\/v2\/pages\/147455"}],"wp:attachment":[{"href":"https:\/\/izimi.yaqa.be\/fr\/wp-json\/wp\/v2\/media?parent=145267"}],"curies":[{"name":"wp","href":"https:\/\/api.w.org\/{rel}","templated":true}]}}