{"id":145269,"date":"2022-07-04T12:06:35","date_gmt":"2022-07-04T10:06:35","guid":{"rendered":"https:\/\/izimi.yaqa.be\/?page_id=145269"},"modified":"2023-04-12T23:01:38","modified_gmt":"2023-04-12T21:01:38","slug":"garder-ses-factures","status":"publish","type":"page","link":"https:\/\/izimi.yaqa.be\/fr\/gerer-vos-documents\/conserver-ses-documents\/garder-ses-factures\/","title":{"rendered":"Garder ses factures"},"content":{"rendered":"\n<p class=\"has-medium-font-size\">Que ce soit pour<strong> prouver une garantie<\/strong> ou pour <strong>justifier une d\u00e9pense fiscale<\/strong>, il est n\u00e9cessaire de conserver bon nombre de factures.<\/p>\n\n\n\n<p class=\"has-medium-font-size\">Le mode de sauvegarde importe peu\u00a0: num\u00e9riquement ou en version papier.<\/p>\n\n\n\n<p class=\"has-medium-font-size\">Attention \u00e0 toujours bien conserver <strong>la facture m\u00eame<\/strong> et <strong>non un e-mail ou un lien <\/strong>vers le document, au risque de voir le l<strong>ien d\u00e9sactiv\u00e9.<\/strong><\/p>\n\n\n\n<p class=\"has-medium-font-size\">Plus d\u2019infos sur&nbsp; le <a href=\"https:\/\/finances.belgium.be\/fr\/entreprises\/tva\/e-facturation\/client\/conserver#:~:text=Un%20assujetti%20%C3%A9tabli%20en%20Belgique,%C3%A0%20ces%20factures%20en%20Belgique.\" target=\"_blank\" rel=\"noreferrer noopener\">SPF Finances<\/a><\/p>\n\n\n\n<h2 class=\"wp-block-heading\">Dur\u00e9e de conservation des factures&nbsp;<\/h2>\n\n\n\n<p class=\"has-medium-font-size\">Le SPF Finances recommande de garder toutes les factures et copies de factures durant environ <strong>sept ans<\/strong> \u00e0 partir du 1er janvier de l&rsquo;ann\u00e9e qui suit leur date d&rsquo;\u00e9mission. Selon les documents \u00e0 conserver, cela peut aller <strong>de 3 \u00e0 10 ans<\/strong>.<\/p>\n\n\n\n<h2 class=\"wp-block-heading\">Quelles factures dois-je conserver&nbsp;?<\/h2>\n\n\n\n<p class=\"has-medium-font-size\">Qu\u2019il s\u2019agisse de conservation de factures de <strong>t\u00e9l\u00e9phone, d\u2019eau, d\u2019\u00e9lectricit\u00e9, de gaz,<\/strong> ou celles li\u00e9es \u00e0 l\u2019<strong>achat d\u2019un appareil \u00e9lectrom\u00e9nager, d\u2019un bijoux ou d\u2019un objet ou service<\/strong> pour lequel vous pourriez \u00eatre amen\u00e9 \u00e0 devoir justifier l\u2019achat ou montrer une preuve de garantie.<\/p>\n\n\n\n<p class=\"has-medium-font-size\">Voir aussi <a href=\"https:\/\/izimi.yaqa.be\/faqs\/combien-de-temps-garder-ses-factures\/\">https:\/\/izimi.yaqa.be\/faqs\/combien-de-temps-garder-ses-factures<\/a><\/p>\n\n\n\n<div class=\"wp-block-buttons is-layout-flex wp-block-buttons-is-layout-flex\">\n<div class=\"wp-block-button has-custom-font-size has-medium-font-size\"><a class=\"wp-block-button__link has-background wp-element-button\" href=\"https:\/\/izimi.yaqa.be\/creez-votre-compte-izimi\/\" style=\"background-color:#00b3c4\">Ouvrir mon coffre-fort num\u00e9rique<\/a><\/div>\n<\/div>\n","protected":false},"excerpt":{"rendered":"<p>Que ce soit pour prouver une garantie ou pour justifier une d\u00e9pense fiscale, il est n\u00e9cessaire de conserver bon nombre de factures. Le mode de sauvegarde importe peu\u00a0: num\u00e9riquement ou en version papier. Attention \u00e0 toujours bien conserver la facture m\u00eame et non un e-mail ou un lien vers le document, au risque de voir le lien d\u00e9sactiv\u00e9. Plus d\u2019infos &#8230; <\/p>\n<div><a href=\"https:\/\/izimi.yaqa.be\/fr\/gerer-vos-documents\/conserver-ses-documents\/garder-ses-factures\/\" class=\"more-link\">Read More<\/a><\/div>\n","protected":false},"author":1,"featured_media":0,"parent":147455,"menu_order":0,"comment_status":"closed","ping_status":"closed","template":"template-layout-full-width.php","meta":{"footnotes":""},"_links":{"self":[{"href":"https:\/\/izimi.yaqa.be\/fr\/wp-json\/wp\/v2\/pages\/145269"}],"collection":[{"href":"https:\/\/izimi.yaqa.be\/fr\/wp-json\/wp\/v2\/pages"}],"about":[{"href":"https:\/\/izimi.yaqa.be\/fr\/wp-json\/wp\/v2\/types\/page"}],"author":[{"embeddable":true,"href":"https:\/\/izimi.yaqa.be\/fr\/wp-json\/wp\/v2\/users\/1"}],"replies":[{"embeddable":true,"href":"https:\/\/izimi.yaqa.be\/fr\/wp-json\/wp\/v2\/comments?post=145269"}],"version-history":[{"count":0,"href":"https:\/\/izimi.yaqa.be\/fr\/wp-json\/wp\/v2\/pages\/145269\/revisions"}],"up":[{"embeddable":true,"href":"https:\/\/izimi.yaqa.be\/fr\/wp-json\/wp\/v2\/pages\/147455"}],"wp:attachment":[{"href":"https:\/\/izimi.yaqa.be\/fr\/wp-json\/wp\/v2\/media?parent=145269"}],"curies":[{"name":"wp","href":"https:\/\/api.w.org\/{rel}","templated":true}]}}