{"id":145279,"date":"2022-07-04T16:06:52","date_gmt":"2022-07-04T14:06:52","guid":{"rendered":"https:\/\/izimi.yaqa.be\/?page_id=145279"},"modified":"2023-03-30T14:33:46","modified_gmt":"2023-03-30T12:33:46","slug":"archiver-vos-documents-personnels-en-ligne","status":"publish","type":"page","link":"https:\/\/izimi.yaqa.be\/fr\/gerer-vos-documents\/conserver-ses-documents\/archiver-vos-documents-personnels-en-ligne\/","title":{"rendered":"Archiver vos documents personnels en ligne"},"content":{"rendered":"\n<p class=\"has-medium-font-size\">Izimi est la plateforme id\u00e9ale pour stocker une copie de votre carte d&rsquo;identit\u00e9 ou de votre permis de conduire. De cette fa\u00e7on, vous avez toujours quelque chose en r\u00e9serve <strong>en cas de perte ou de vol de ces documents.<\/strong> Mais les copies n&rsquo;ont pas la m\u00eame valeur probante que votre carte d&rsquo;identit\u00e9 originale ou votre permis de conduire original. <\/p>\n\n\n\n<p class=\"has-medium-font-size\">Une simple copie de votre carte d&rsquo;identit\u00e9 ou de votre passeport ne suffit pas pour passer un contr\u00f4le aux fronti\u00e8res, par exemple. Ceci s&rsquo;applique \u00e9galement aux copies que vous enregistrez dans Izimi. Pour passer un contr\u00f4le fronti\u00e8re ou passeport, il ne suffira donc pas de montrer vos copies dans le coffre-fort Izimi. Vous devrez toujours pr\u00e9senter votre carte d&rsquo;identit\u00e9 originale ou votre passeport original lors d&rsquo;un contr\u00f4le.<\/p>\n\n\n\n<div class=\"wp-block-buttons is-layout-flex wp-block-buttons-is-layout-flex\">\n<div class=\"wp-block-button has-custom-font-size is-style-fill has-medium-font-size\"><a class=\"wp-block-button__link has-background\" href=\"https:\/\/izimi.yaqa.be\/creez-votre-compte-izimi\/\" style=\"background-color:#00b3c4\">Archiver mes documents personnels dans mon coffre-fort num\u00e9rique<\/a><\/div>\n<\/div>\n","protected":false},"excerpt":{"rendered":"<p>Izimi est la plateforme id\u00e9ale pour stocker une copie de votre carte d&rsquo;identit\u00e9 ou de votre permis de conduire. De cette fa\u00e7on, vous avez toujours quelque chose en r\u00e9serve en cas de perte ou de vol de ces documents. Mais les copies n&rsquo;ont pas la m\u00eame valeur probante que votre carte d&rsquo;identit\u00e9 originale ou votre permis de conduire original. Une &#8230; <\/p>\n<div><a href=\"https:\/\/izimi.yaqa.be\/fr\/gerer-vos-documents\/conserver-ses-documents\/archiver-vos-documents-personnels-en-ligne\/\" class=\"more-link\">Read More<\/a><\/div>\n","protected":false},"author":1,"featured_media":0,"parent":147455,"menu_order":0,"comment_status":"closed","ping_status":"closed","template":"template-layout-full-width.php","meta":{"footnotes":""},"_links":{"self":[{"href":"https:\/\/izimi.yaqa.be\/fr\/wp-json\/wp\/v2\/pages\/145279"}],"collection":[{"href":"https:\/\/izimi.yaqa.be\/fr\/wp-json\/wp\/v2\/pages"}],"about":[{"href":"https:\/\/izimi.yaqa.be\/fr\/wp-json\/wp\/v2\/types\/page"}],"author":[{"embeddable":true,"href":"https:\/\/izimi.yaqa.be\/fr\/wp-json\/wp\/v2\/users\/1"}],"replies":[{"embeddable":true,"href":"https:\/\/izimi.yaqa.be\/fr\/wp-json\/wp\/v2\/comments?post=145279"}],"version-history":[{"count":0,"href":"https:\/\/izimi.yaqa.be\/fr\/wp-json\/wp\/v2\/pages\/145279\/revisions"}],"up":[{"embeddable":true,"href":"https:\/\/izimi.yaqa.be\/fr\/wp-json\/wp\/v2\/pages\/147455"}],"wp:attachment":[{"href":"https:\/\/izimi.yaqa.be\/fr\/wp-json\/wp\/v2\/media?parent=145279"}],"curies":[{"name":"wp","href":"https:\/\/api.w.org\/{rel}","templated":true}]}}