{"id":145974,"date":"2022-09-16T13:39:37","date_gmt":"2022-09-16T11:39:37","guid":{"rendered":"https:\/\/izimi.yaqa.be\/app-mobile\/"},"modified":"2022-10-11T11:13:43","modified_gmt":"2022-10-11T09:13:43","slug":"app-mobile","status":"publish","type":"page","link":"https:\/\/izimi.yaqa.be\/fr\/app-mobile\/","title":{"rendered":"App mobile"},"content":{"rendered":"<div id=\"cs-content\" class=\"cs-content\"><\/div>\n","protected":false},"excerpt":{"rendered":"<p>App MobileVotre coffre-fort num\u00e9rique, \u00e0 port\u00e9e de main partout.Toujours au bout de vos doigtsAvec l&rsquo;application mobile Izimi, vous avez toujours vos documents importants \u00e0 port\u00e9e de main. Pratique lorsque, par exemple, vous vous rendez chez votre notaire, \u00e0 la banque ou dans votre commune et que vous avez besoin d&rsquo;un document particulier. Scannez vos documentsL&rsquo;application mobile Izimi vous facilite les &#8230; <\/p>\n<div><a href=\"https:\/\/izimi.yaqa.be\/fr\/app-mobile\/\" class=\"more-link\">Read More<\/a><\/div>\n","protected":false},"author":1,"featured_media":0,"parent":0,"menu_order":0,"comment_status":"closed","ping_status":"closed","template":"template-blank-4.php","meta":{"footnotes":""},"_links":{"self":[{"href":"https:\/\/izimi.yaqa.be\/fr\/wp-json\/wp\/v2\/pages\/145974"}],"collection":[{"href":"https:\/\/izimi.yaqa.be\/fr\/wp-json\/wp\/v2\/pages"}],"about":[{"href":"https:\/\/izimi.yaqa.be\/fr\/wp-json\/wp\/v2\/types\/page"}],"author":[{"embeddable":true,"href":"https:\/\/izimi.yaqa.be\/fr\/wp-json\/wp\/v2\/users\/1"}],"replies":[{"embeddable":true,"href":"https:\/\/izimi.yaqa.be\/fr\/wp-json\/wp\/v2\/comments?post=145974"}],"version-history":[{"count":0,"href":"https:\/\/izimi.yaqa.be\/fr\/wp-json\/wp\/v2\/pages\/145974\/revisions"}],"wp:attachment":[{"href":"https:\/\/izimi.yaqa.be\/fr\/wp-json\/wp\/v2\/media?parent=145974"}],"curies":[{"name":"wp","href":"https:\/\/api.w.org\/{rel}","templated":true}]}}