{"id":147125,"date":"2022-11-21T14:05:28","date_gmt":"2022-11-21T13:05:28","guid":{"rendered":"https:\/\/izimi.yaqa.be\/?page_id=147125"},"modified":"2022-11-21T14:09:34","modified_gmt":"2022-11-21T13:09:34","slug":"itsme-ou-izimi-itsme-et-izimi","status":"publish","type":"page","link":"https:\/\/izimi.yaqa.be\/fr\/info-et-actualites\/itsme-ou-izimi-itsme-et-izimi\/","title":{"rendered":"Itsme ou Izimi\u00a0? Itsme ET Izimi\u00a0!"},"content":{"rendered":"\n<p><strong>Entre itsme et Izimi .. il n\u2019y a que quelques consonnes de diff\u00e9rences. En apparence .. car les deux produits sont bien diff\u00e9rents&nbsp;!<\/strong><\/p>\n\n\n\n<h2 class=\"wp-block-heading\"><strong>Itsme&nbsp;: cl\u00e9 d\u2019authentification num\u00e9rique<\/strong><\/h2>\n\n\n\n<p>itsme\u00ae est l&rsquo;identit\u00e9 num\u00e9rique qui permet de vous identifier en toute s\u00e9curit\u00e9 sur certaines plateformes num\u00e9riques. C\u2019est ce qu\u2019on peut appeler, une cl\u00e9 numerique, \u00e0 la fois preuve d\u2019identit\u00e9 et moyen de connexion largement utilis\u00e9. Cette identification repose sur l\u2019authentification <strong>multi-facteurs<\/strong> (MFA) puisque n\u00e9cessite la combinaison<\/p>\n\n\n\n<ul>\n<li>d\u2019un smartphone,<\/li>\n\n\n\n<li>l&rsquo;application itsme\u00ae install\u00e9e<\/li>\n\n\n\n<li>et votre code secret personnel (ou identification faciale).<\/li>\n<\/ul>\n\n\n\n<p>itsme\u00ae&nbsp;est donc <strong>LA cl\u00e9 d\u2019authentification <\/strong>crypt\u00e9e et s\u00e9curis\u00e9e que vous g\u00e9rez depuis votre appli et vous \u00e9vite de devoir retenir un mot de passe diff\u00e9rent pour chaque site web ou appli.. itsme\u00ae c\u2019est 6 millions d\u2019utilisateurs en Belgique, 4 adultes belges sur 5 y ont recours pour se connecter partout sans mot de passe&nbsp;;<\/p>\n\n\n\n<h2 class=\"wp-block-heading\"><strong><u>Izimi&nbsp;: votre coffre-fort personnel num\u00e9rique<\/u><\/strong><\/h2>\n\n\n\n<p>Izimi est donc une des plateformes&nbsp; \u00e0 laquelle vous pouvez acc\u00e9der gr\u00e2ce \u00e0 itsme. Izimi est une plateforme d\u00e9velopp\u00e9e par le notariat belge et offrant \u00e0 chaque citoyen belge son coffre-fort num\u00e9rique personnel. La protection et la s\u00e9curisation des documents est une expertise reconnue du notariat&nbsp;; cr\u00e9er un coffre-fort num\u00e9rique s\u00e9curis\u00e9 passait obligatoirement par une authentification 100% fiable. Aussi, pour garantir un acc\u00e8s s\u00e9curis\u00e9 et confidentiel \u00e0 votre espace priv\u00e9, vous devez vous authentifier gr\u00e2ce \u00e0 itsme.<\/p>\n\n\n\n<p>Avec cet environnement personnel o\u00f9 stocker et organiser gratuitement toutes vos informations importantes, priv\u00e9es et officielles, et cet acc\u00e8s hautement s\u00e9curis\u00e9 via itsme, vous pouvez \u00eatre assur\u00e9 que tous vos documents importants et\/ou sensibles sont en toute s\u00e9curit\u00e9 sous cl\u00e9.<\/p>\n\n\n\n<p>voir aussi&nbsp;:<\/p>\n\n\n\n<ul>\n<li>&nbsp;<a href=\"https:\/\/www.itsme-id.com\/fr-BE\/blog\/izimi_app\">https:\/\/www.itsme-id.com\/fr-BE\/blog\/izimi_app<\/a><\/li>\n\n\n\n<li><a href=\"https:\/\/www.lecho.be\/monargent\/consommation\/administration\/tout-ce-qu-il-faut-savoir-pour-passer-a-l-administration-digitale\/10063648.html\">https:\/\/www.lecho.be\/monargent\/consommation\/administration\/tout-ce-qu-il-faut-savoir-pour-passer-a-l-administration-digitale\/10063648.html<\/a><\/li>\n<\/ul>\n","protected":false},"excerpt":{"rendered":"<p>Entre itsme et Izimi .. il n\u2019y a que quelques consonnes de diff\u00e9rences. En apparence .. car les deux produits sont bien diff\u00e9rents&nbsp;! Itsme&nbsp;: cl\u00e9 d\u2019authentification num\u00e9rique itsme\u00ae est l&rsquo;identit\u00e9 num\u00e9rique qui permet de vous identifier en toute s\u00e9curit\u00e9 sur certaines plateformes num\u00e9riques. C\u2019est ce qu\u2019on peut appeler, une cl\u00e9 numerique, \u00e0 la fois preuve d\u2019identit\u00e9 et moyen de connexion &#8230; <\/p>\n<div><a href=\"https:\/\/izimi.yaqa.be\/fr\/info-et-actualites\/itsme-ou-izimi-itsme-et-izimi\/\" class=\"more-link\">Read More<\/a><\/div>\n","protected":false},"author":1,"featured_media":147126,"parent":31840,"menu_order":0,"comment_status":"closed","ping_status":"closed","template":"","meta":{"footnotes":""},"_links":{"self":[{"href":"https:\/\/izimi.yaqa.be\/fr\/wp-json\/wp\/v2\/pages\/147125"}],"collection":[{"href":"https:\/\/izimi.yaqa.be\/fr\/wp-json\/wp\/v2\/pages"}],"about":[{"href":"https:\/\/izimi.yaqa.be\/fr\/wp-json\/wp\/v2\/types\/page"}],"author":[{"embeddable":true,"href":"https:\/\/izimi.yaqa.be\/fr\/wp-json\/wp\/v2\/users\/1"}],"replies":[{"embeddable":true,"href":"https:\/\/izimi.yaqa.be\/fr\/wp-json\/wp\/v2\/comments?post=147125"}],"version-history":[{"count":0,"href":"https:\/\/izimi.yaqa.be\/fr\/wp-json\/wp\/v2\/pages\/147125\/revisions"}],"up":[{"embeddable":true,"href":"https:\/\/izimi.yaqa.be\/fr\/wp-json\/wp\/v2\/pages\/31840"}],"wp:featuredmedia":[{"embeddable":true,"href":"https:\/\/izimi.yaqa.be\/fr\/wp-json\/wp\/v2\/media\/147126"}],"wp:attachment":[{"href":"https:\/\/izimi.yaqa.be\/fr\/wp-json\/wp\/v2\/media?parent=147125"}],"curies":[{"name":"wp","href":"https:\/\/api.w.org\/{rel}","templated":true}]}}