{"id":147446,"date":"2023-03-30T13:40:51","date_gmt":"2023-03-30T11:40:51","guid":{"rendered":"https:\/\/izimi.yaqa.be\/?page_id=147446"},"modified":"2023-04-05T12:54:07","modified_gmt":"2023-04-05T10:54:07","slug":"certifier-ses-documents","status":"publish","type":"page","link":"https:\/\/izimi.yaqa.be\/fr\/gerer-vos-documents\/certifier-ses-documents\/","title":{"rendered":"Certifier ses documents"},"content":{"rendered":"<div id=\"cs-content\" class=\"cs-content\"><\/div>\n","protected":false},"excerpt":{"rendered":"<p>Certifier ses documentsPour une validit\u00e9 inviolable de vos documents.Pourquoi certifier ses documents\u00a0? Un monde digital infini mais incertain Avec la digitalisation des services dans toutes les industries, les donn\u00e9es et les documents circulent de plus en plus dans un environnement digitalis\u00e9 avec pour cons\u00e9quences\u00a0une incertitudes sur l\u2019origine des donn\u00e9es et sur la garantie qu\u2019elles \u00e9manent effectivement de la personne, entit\u00e9, &#8230; <\/p>\n<div><a href=\"https:\/\/izimi.yaqa.be\/fr\/gerer-vos-documents\/certifier-ses-documents\/\" class=\"more-link\">Read More<\/a><\/div>\n","protected":false},"author":1,"featured_media":0,"parent":145250,"menu_order":0,"comment_status":"closed","ping_status":"closed","template":"template-blank-4.php","meta":{"footnotes":""},"_links":{"self":[{"href":"https:\/\/izimi.yaqa.be\/fr\/wp-json\/wp\/v2\/pages\/147446"}],"collection":[{"href":"https:\/\/izimi.yaqa.be\/fr\/wp-json\/wp\/v2\/pages"}],"about":[{"href":"https:\/\/izimi.yaqa.be\/fr\/wp-json\/wp\/v2\/types\/page"}],"author":[{"embeddable":true,"href":"https:\/\/izimi.yaqa.be\/fr\/wp-json\/wp\/v2\/users\/1"}],"replies":[{"embeddable":true,"href":"https:\/\/izimi.yaqa.be\/fr\/wp-json\/wp\/v2\/comments?post=147446"}],"version-history":[{"count":0,"href":"https:\/\/izimi.yaqa.be\/fr\/wp-json\/wp\/v2\/pages\/147446\/revisions"}],"up":[{"embeddable":true,"href":"https:\/\/izimi.yaqa.be\/fr\/wp-json\/wp\/v2\/pages\/145250"}],"wp:attachment":[{"href":"https:\/\/izimi.yaqa.be\/fr\/wp-json\/wp\/v2\/media?parent=147446"}],"curies":[{"name":"wp","href":"https:\/\/api.w.org\/{rel}","templated":true}]}}