{"id":147455,"date":"2023-03-30T14:17:42","date_gmt":"2023-03-30T12:17:42","guid":{"rendered":"https:\/\/izimi.yaqa.be\/?page_id=147455"},"modified":"2023-03-30T17:05:04","modified_gmt":"2023-03-30T15:05:04","slug":"conserver-ses-documents","status":"publish","type":"page","link":"https:\/\/izimi.yaqa.be\/fr\/gerer-vos-documents\/conserver-ses-documents\/","title":{"rendered":"Conserver ses documents"},"content":{"rendered":"<div id=\"cs-content\" class=\"cs-content\"><\/div>\n","protected":false},"excerpt":{"rendered":"<p>Conserver ses documentsPour une gestion de vos dossiers toujours plus efficace.Les notaires belges ont acquis une expertise consid\u00e9rable dans le domaine du stockage et de la s\u00e9curit\u00e9 des fichiers personnels et sensibles. Vous pouvez \u00eatre certain que tous les documents importants que vous souhaitez stocker en ligne dans votre coffre-fort num\u00e9rique sont en s\u00e9curit\u00e9 sous cl\u00e9. La s\u00e9curit\u00e9 de vos &#8230; <\/p>\n<div><a href=\"https:\/\/izimi.yaqa.be\/fr\/gerer-vos-documents\/conserver-ses-documents\/\" class=\"more-link\">Read More<\/a><\/div>\n","protected":false},"author":1,"featured_media":0,"parent":145250,"menu_order":0,"comment_status":"closed","ping_status":"closed","template":"template-blank-4.php","meta":{"footnotes":""},"_links":{"self":[{"href":"https:\/\/izimi.yaqa.be\/fr\/wp-json\/wp\/v2\/pages\/147455"}],"collection":[{"href":"https:\/\/izimi.yaqa.be\/fr\/wp-json\/wp\/v2\/pages"}],"about":[{"href":"https:\/\/izimi.yaqa.be\/fr\/wp-json\/wp\/v2\/types\/page"}],"author":[{"embeddable":true,"href":"https:\/\/izimi.yaqa.be\/fr\/wp-json\/wp\/v2\/users\/1"}],"replies":[{"embeddable":true,"href":"https:\/\/izimi.yaqa.be\/fr\/wp-json\/wp\/v2\/comments?post=147455"}],"version-history":[{"count":0,"href":"https:\/\/izimi.yaqa.be\/fr\/wp-json\/wp\/v2\/pages\/147455\/revisions"}],"up":[{"embeddable":true,"href":"https:\/\/izimi.yaqa.be\/fr\/wp-json\/wp\/v2\/pages\/145250"}],"wp:attachment":[{"href":"https:\/\/izimi.yaqa.be\/fr\/wp-json\/wp\/v2\/media?parent=147455"}],"curies":[{"name":"wp","href":"https:\/\/api.w.org\/{rel}","templated":true}]}}