{"id":147822,"date":"2023-08-10T12:04:22","date_gmt":"2023-08-10T10:04:22","guid":{"rendered":"https:\/\/izimi.yaqa.be\/?page_id=147822"},"modified":"2023-08-10T12:04:23","modified_gmt":"2023-08-10T10:04:23","slug":"izimi-a-remporte-un-prix-lors-de-la-european-identity-and-cloud-conference-2023-de-berlin","status":"publish","type":"page","link":"https:\/\/izimi.yaqa.be\/fr\/info-et-actualites\/izimi-a-remporte-un-prix-lors-de-la-european-identity-and-cloud-conference-2023-de-berlin\/","title":{"rendered":"Izimi a remport\u00e9 un prix lors de la \u00ab\u00a0European identity and cloud conference 2023\u00a0\u00bb de Berlin"},"content":{"rendered":"\n<h2 class=\"wp-block-heading\"><strong>Le notariat belge r\u00e9compens\u00e9 au travers d\u2019Izimi.<em> <\/em>Un prix europ\u00e9en qui donne un nouvel \u00e9lan \u00e0 la plateforme<\/strong>.<\/h2>\n\n\n\n<p>Notre coffre-fort num\u00e9rique Izimi a remport\u00e9 un prix lors de la \u00ab&nbsp;European identity and cloud conference 2023&nbsp;\u00bb de Berlin ! Izimi,&nbsp; plateforme s\u00e9curis\u00e9e d&rsquo;\u00e9change de documents, a \u00e9t\u00e9 r\u00e9compens\u00e9e dans la cat\u00e9gorie \u00ab&nbsp;Verifiable credentials&nbsp;\u00bb&nbsp;pour son aspect d\u2019identification et son haut degr\u00e9 de s\u00e9curisation. Remercions d\u2019embl\u00e9e notre partenaire Trustbuilder pour son efficacit\u00e9.<\/p>\n\n\n\n<p>Izimi est un outil pratique et s\u00fbr pour l&rsquo;\u00e9change de documents. Nous sommes fiers de notre \u00e9quipe qui travaille dur au quotidien pour am\u00e9liorer les fonctionnalit\u00e9s de la plateforme. Ce prix refl\u00e8te les efforts consid\u00e9rables d\u00e9ploy\u00e9s pour qu&rsquo;Izimi r\u00e9ponde aux normes de s\u00e9curit\u00e9 les plus \u00e9lev\u00e9es afin que les notaires et les citoyens puissent l\u2019utiliser en toute confiance.<\/p>\n\n\n\n<p>Izimi pourrait facilement \u00eatre compar\u00e9 \u00e0 l\u2019\u00e9quipe nationale belge de hockey sur gazon&nbsp;: un projet un peu fou qui nait dans la t\u00eate de l\u2019une ou l\u2019autre personne mais qui aboutit au gr\u00e2le ultime. Ce prix t\u00e9moigne du r\u00e9el potentiel d\u2019Izimi.<\/p>\n","protected":false},"excerpt":{"rendered":"<p>Le notariat belge r\u00e9compens\u00e9 au travers d\u2019Izimi. Un prix europ\u00e9en qui donne un nouvel \u00e9lan \u00e0 la plateforme. Notre coffre-fort num\u00e9rique Izimi a remport\u00e9 un prix lors de la \u00ab&nbsp;European identity and cloud conference 2023&nbsp;\u00bb de Berlin ! Izimi,&nbsp; plateforme s\u00e9curis\u00e9e d&rsquo;\u00e9change de documents, a \u00e9t\u00e9 r\u00e9compens\u00e9e dans la cat\u00e9gorie \u00ab&nbsp;Verifiable credentials&nbsp;\u00bb&nbsp;pour son aspect d\u2019identification et son haut degr\u00e9 de &#8230; <\/p>\n<div><a href=\"https:\/\/izimi.yaqa.be\/fr\/info-et-actualites\/izimi-a-remporte-un-prix-lors-de-la-european-identity-and-cloud-conference-2023-de-berlin\/\" class=\"more-link\">Read More<\/a><\/div>\n","protected":false},"author":1,"featured_media":147811,"parent":31840,"menu_order":0,"comment_status":"closed","ping_status":"closed","template":"","meta":{"footnotes":""},"_links":{"self":[{"href":"https:\/\/izimi.yaqa.be\/fr\/wp-json\/wp\/v2\/pages\/147822"}],"collection":[{"href":"https:\/\/izimi.yaqa.be\/fr\/wp-json\/wp\/v2\/pages"}],"about":[{"href":"https:\/\/izimi.yaqa.be\/fr\/wp-json\/wp\/v2\/types\/page"}],"author":[{"embeddable":true,"href":"https:\/\/izimi.yaqa.be\/fr\/wp-json\/wp\/v2\/users\/1"}],"replies":[{"embeddable":true,"href":"https:\/\/izimi.yaqa.be\/fr\/wp-json\/wp\/v2\/comments?post=147822"}],"version-history":[{"count":0,"href":"https:\/\/izimi.yaqa.be\/fr\/wp-json\/wp\/v2\/pages\/147822\/revisions"}],"up":[{"embeddable":true,"href":"https:\/\/izimi.yaqa.be\/fr\/wp-json\/wp\/v2\/pages\/31840"}],"wp:featuredmedia":[{"embeddable":true,"href":"https:\/\/izimi.yaqa.be\/fr\/wp-json\/wp\/v2\/media\/147811"}],"wp:attachment":[{"href":"https:\/\/izimi.yaqa.be\/fr\/wp-json\/wp\/v2\/media?parent=147822"}],"curies":[{"name":"wp","href":"https:\/\/api.w.org\/{rel}","templated":true}]}}