{"id":147870,"date":"2025-01-31T10:39:13","date_gmt":"2025-01-31T09:39:13","guid":{"rendered":"https:\/\/izimi.yaqa.be\/faq-2\/"},"modified":"2025-03-24T16:52:27","modified_gmt":"2025-03-24T15:52:27","slug":"infos-pratiques","status":"publish","type":"page","link":"https:\/\/izimi.yaqa.be\/fr\/infos-pratiques\/","title":{"rendered":"Infos pratiques"},"content":{"rendered":"<div id=\"cs-content\" class=\"cs-content\"><\/div>\n","protected":false},"excerpt":{"rendered":"<p>Infos pratiquesComment d\u00e9marrer ?Cr\u00e9ez votre compte en quelques \u00e9tapes et commencez \u00e0 partager des documents !Et en version mobile alors ? Oui, il existe une app mobile.T\u00e9l\u00e9chargez l&rsquo;app Android ou iPhoneUne question ?Consultez les FAQet trouvez votre r\u00e9ponse parmi les th\u00e8mesTrucs et actualit\u00e9sVous voulez en savoir encore plus ?Parcourez nos news et infosQuels documents dans Izimi ?Tous vos document importantsD\u00e9couvrez &#8230; <\/p>\n<div><a href=\"https:\/\/izimi.yaqa.be\/fr\/infos-pratiques\/\" class=\"more-link\">Read More<\/a><\/div>\n","protected":false},"author":1,"featured_media":0,"parent":0,"menu_order":0,"comment_status":"closed","ping_status":"closed","template":"template-blank-4.php","meta":{"footnotes":""},"_links":{"self":[{"href":"https:\/\/izimi.yaqa.be\/fr\/wp-json\/wp\/v2\/pages\/147870"}],"collection":[{"href":"https:\/\/izimi.yaqa.be\/fr\/wp-json\/wp\/v2\/pages"}],"about":[{"href":"https:\/\/izimi.yaqa.be\/fr\/wp-json\/wp\/v2\/types\/page"}],"author":[{"embeddable":true,"href":"https:\/\/izimi.yaqa.be\/fr\/wp-json\/wp\/v2\/users\/1"}],"replies":[{"embeddable":true,"href":"https:\/\/izimi.yaqa.be\/fr\/wp-json\/wp\/v2\/comments?post=147870"}],"version-history":[{"count":9,"href":"https:\/\/izimi.yaqa.be\/fr\/wp-json\/wp\/v2\/pages\/147870\/revisions"}],"predecessor-version":[{"id":148019,"href":"https:\/\/izimi.yaqa.be\/fr\/wp-json\/wp\/v2\/pages\/147870\/revisions\/148019"}],"wp:attachment":[{"href":"https:\/\/izimi.yaqa.be\/fr\/wp-json\/wp\/v2\/media?parent=147870"}],"curies":[{"name":"wp","href":"https:\/\/api.w.org\/{rel}","templated":true}]}}