{"id":17425,"date":"2021-03-02T08:15:49","date_gmt":"2021-03-02T07:15:49","guid":{"rendered":"https:\/\/izimi.yaqa.be\/?page_id=17425"},"modified":"2023-04-13T13:37:31","modified_gmt":"2023-04-13T11:37:31","slug":"politique-de-protection-de-la-vie-privee-app","status":"publish","type":"page","link":"https:\/\/izimi.yaqa.be\/fr\/politique-de-protection-de-la-vie-privee-app\/","title":{"rendered":"Politique de protection des donn\u00e9es"},"content":{"rendered":"<div id=\"cs-content\" class=\"cs-content\"><\/div>\n","protected":false},"excerpt":{"rendered":"<p>1. Introduction La plateforme Izimi (ci-apr\u00e8s, la \u00ab\u00a0Plateforme\u00a0\u00bb) est g\u00e9r\u00e9e par l\u2019asbl F\u00e9d\u00e9ration Royale du Notariat belge (ci-apr\u00e8s \u00ab\u00a0Fednot\u00a0\u00bb), ayant son si\u00e8ge \u00e0 1000 Bruxelles, Rue de la Montagne, 30-34, inscrite \u00e0 la BCE sous le num\u00e9ro 0409.357.321. Dans le cadre de la gestion de cette Plateforme et de l\u2019administration des services qui y sont propos\u00e9s, nous sommes amen\u00e9s \u00e0 &#8230; <\/p>\n<div><a href=\"https:\/\/izimi.yaqa.be\/fr\/politique-de-protection-de-la-vie-privee-app\/\" class=\"more-link\">Read More<\/a><\/div>\n","protected":false},"author":1,"featured_media":0,"parent":0,"menu_order":0,"comment_status":"closed","ping_status":"closed","template":"template-blank-4.php","meta":{"footnotes":""},"_links":{"self":[{"href":"https:\/\/izimi.yaqa.be\/fr\/wp-json\/wp\/v2\/pages\/17425"}],"collection":[{"href":"https:\/\/izimi.yaqa.be\/fr\/wp-json\/wp\/v2\/pages"}],"about":[{"href":"https:\/\/izimi.yaqa.be\/fr\/wp-json\/wp\/v2\/types\/page"}],"author":[{"embeddable":true,"href":"https:\/\/izimi.yaqa.be\/fr\/wp-json\/wp\/v2\/users\/1"}],"replies":[{"embeddable":true,"href":"https:\/\/izimi.yaqa.be\/fr\/wp-json\/wp\/v2\/comments?post=17425"}],"version-history":[{"count":0,"href":"https:\/\/izimi.yaqa.be\/fr\/wp-json\/wp\/v2\/pages\/17425\/revisions"}],"wp:attachment":[{"href":"https:\/\/izimi.yaqa.be\/fr\/wp-json\/wp\/v2\/media?parent=17425"}],"curies":[{"name":"wp","href":"https:\/\/api.w.org\/{rel}","templated":true}]}}