{"id":27076,"date":"2021-03-19T00:08:43","date_gmt":"2021-03-18T23:08:43","guid":{"rendered":"https:\/\/izimi.yaqa.be\/?page_id=27076"},"modified":"2022-10-12T15:27:36","modified_gmt":"2022-10-12T13:27:36","slug":"creez-votre-compte-izimi","status":"publish","type":"page","link":"https:\/\/izimi.yaqa.be\/fr\/creez-votre-compte-izimi\/","title":{"rendered":"Cr\u00e9ez votre compte Izimi"},"content":{"rendered":"<div id=\"cs-content\" class=\"cs-content\"><\/div>\n","protected":false},"excerpt":{"rendered":"<p>Cr\u00e9ez votre compte IzimiVotre espace s&eacute;curis&eacute; et personnalis&eacute; Ayez votre carte d&rsquo;identit\u00e9 sous la main (+ code PIN) ainsi que votre lecteur de cartes eID connect\u00e9 \u00e0 votre ordinateur ou ouvrez votre application itsme\u00ae Cliquez sur \u00ab\u00a0C&rsquo;est parti, je cr\u00e9e mon compte\u00a0\u00bb Vous \u00eates redirig\u00e9 vers la page d&rsquo;identification (CSAM)* Vous arrivez dans l&rsquo;espace s\u00e9curis\u00e9 d&rsquo;Izimi et pouvez cr\u00e9er votre &#8230; <\/p>\n<div><a href=\"https:\/\/izimi.yaqa.be\/fr\/creez-votre-compte-izimi\/\" class=\"more-link\">Read More<\/a><\/div>\n","protected":false},"author":1,"featured_media":0,"parent":0,"menu_order":0,"comment_status":"closed","ping_status":"closed","template":"template-blank-4.php","meta":{"footnotes":""},"_links":{"self":[{"href":"https:\/\/izimi.yaqa.be\/fr\/wp-json\/wp\/v2\/pages\/27076"}],"collection":[{"href":"https:\/\/izimi.yaqa.be\/fr\/wp-json\/wp\/v2\/pages"}],"about":[{"href":"https:\/\/izimi.yaqa.be\/fr\/wp-json\/wp\/v2\/types\/page"}],"author":[{"embeddable":true,"href":"https:\/\/izimi.yaqa.be\/fr\/wp-json\/wp\/v2\/users\/1"}],"replies":[{"embeddable":true,"href":"https:\/\/izimi.yaqa.be\/fr\/wp-json\/wp\/v2\/comments?post=27076"}],"version-history":[{"count":0,"href":"https:\/\/izimi.yaqa.be\/fr\/wp-json\/wp\/v2\/pages\/27076\/revisions"}],"wp:attachment":[{"href":"https:\/\/izimi.yaqa.be\/fr\/wp-json\/wp\/v2\/media?parent=27076"}],"curies":[{"name":"wp","href":"https:\/\/api.w.org\/{rel}","templated":true}]}}