{"id":31840,"date":"2021-04-23T14:13:36","date_gmt":"2021-04-23T12:13:36","guid":{"rendered":"https:\/\/izimi.yaqa.be\/?page_id=31840"},"modified":"2023-06-12T10:23:36","modified_gmt":"2023-06-12T08:23:36","slug":"info-et-actualites","status":"publish","type":"page","link":"https:\/\/izimi.yaqa.be\/fr\/info-et-actualites\/","title":{"rendered":"Actualit\u00e9s"},"content":{"rendered":"<div id=\"cs-content\" class=\"cs-content\"><\/div>\n","protected":false},"excerpt":{"rendered":"<p>Infos et actualit\u00e9sNouveaut&eacute;s, conseils, revue de presse, t&eacute;moignages et vid&eacute;os Actualit\u00e9s Izimi dans la presse Izimi en images Des utilisateurs Izimi t\u00e9moignent Les entreprises qui nous font confiance Actualit\u00e9sVous voulez ouvrir un coffre-fort Izimi ? Votre carte d\u2019identit\u00e9 est la cl\u00e9 ! Pour ouvrir un coffre-fort Izimi, rien de plus simple&nbsp;: il vous suffit de vous rendre sur www.izimi.be, de &#8230; <\/p>\n<div><a href=\"https:\/\/izimi.yaqa.be\/fr\/info-et-actualites\/\" class=\"more-link\">Read More<\/a><\/div>\n","protected":false},"author":1,"featured_media":0,"parent":0,"menu_order":0,"comment_status":"closed","ping_status":"closed","template":"template-blank-4.php","meta":{"footnotes":""},"_links":{"self":[{"href":"https:\/\/izimi.yaqa.be\/fr\/wp-json\/wp\/v2\/pages\/31840"}],"collection":[{"href":"https:\/\/izimi.yaqa.be\/fr\/wp-json\/wp\/v2\/pages"}],"about":[{"href":"https:\/\/izimi.yaqa.be\/fr\/wp-json\/wp\/v2\/types\/page"}],"author":[{"embeddable":true,"href":"https:\/\/izimi.yaqa.be\/fr\/wp-json\/wp\/v2\/users\/1"}],"replies":[{"embeddable":true,"href":"https:\/\/izimi.yaqa.be\/fr\/wp-json\/wp\/v2\/comments?post=31840"}],"version-history":[{"count":0,"href":"https:\/\/izimi.yaqa.be\/fr\/wp-json\/wp\/v2\/pages\/31840\/revisions"}],"wp:attachment":[{"href":"https:\/\/izimi.yaqa.be\/fr\/wp-json\/wp\/v2\/media?parent=31840"}],"curies":[{"name":"wp","href":"https:\/\/api.w.org\/{rel}","templated":true}]}}