{"id":377,"date":"2020-09-10T14:35:14","date_gmt":"2020-09-10T12:35:14","guid":{"rendered":"https:\/\/izimi.yaqa.be\/categories\/"},"modified":"2023-04-12T22:02:23","modified_gmt":"2023-04-12T20:02:23","slug":"categories","status":"publish","type":"page","link":"https:\/\/izimi.yaqa.be\/fr\/categories\/","title":{"rendered":"Categories"},"content":{"rendered":"<div id=\"cs-content\" class=\"cs-content\"><\/div>\n","protected":false},"excerpt":{"rendered":"<p>Organiser vos documents comme vous le voulezChaque document est important et m\u00e9rite une place importante. Vous disposez dans votre coffre-fort personnel de 1Gb pour stocker gratuitement vos documents.Donn\u00e9es personnelles Mots de passe et acc\u00e8s cartes d&rsquo;identit\u00e9 passeport acte de naissance, livret de naissance testament volont\u00e9s de fin de vie dipl\u00f4mes brevets et certificats certificat de bonne vie et m\u0153urs groupe &#8230; <\/p>\n<div><a href=\"https:\/\/izimi.yaqa.be\/fr\/categories\/\" class=\"more-link\">Read More<\/a><\/div>\n","protected":false},"author":1,"featured_media":0,"parent":0,"menu_order":0,"comment_status":"closed","ping_status":"closed","template":"template-blank-4.php","meta":{"footnotes":""},"_links":{"self":[{"href":"https:\/\/izimi.yaqa.be\/fr\/wp-json\/wp\/v2\/pages\/377"}],"collection":[{"href":"https:\/\/izimi.yaqa.be\/fr\/wp-json\/wp\/v2\/pages"}],"about":[{"href":"https:\/\/izimi.yaqa.be\/fr\/wp-json\/wp\/v2\/types\/page"}],"author":[{"embeddable":true,"href":"https:\/\/izimi.yaqa.be\/fr\/wp-json\/wp\/v2\/users\/1"}],"replies":[{"embeddable":true,"href":"https:\/\/izimi.yaqa.be\/fr\/wp-json\/wp\/v2\/comments?post=377"}],"version-history":[{"count":0,"href":"https:\/\/izimi.yaqa.be\/fr\/wp-json\/wp\/v2\/pages\/377\/revisions"}],"wp:attachment":[{"href":"https:\/\/izimi.yaqa.be\/fr\/wp-json\/wp\/v2\/media?parent=377"}],"curies":[{"name":"wp","href":"https:\/\/api.w.org\/{rel}","templated":true}]}}