{"id":50743,"date":"2021-04-27T00:10:10","date_gmt":"2021-04-26T22:10:10","guid":{"rendered":"https:\/\/izimi.yaqa.be\/?page_id=50743"},"modified":"2022-11-21T18:00:40","modified_gmt":"2022-11-21T17:00:40","slug":"faq","status":"publish","type":"page","link":"https:\/\/izimi.yaqa.be\/fr\/faq\/","title":{"rendered":"FAQ"},"content":{"rendered":"<div id=\"cs-content\" class=\"cs-content\"><\/div>\n","protected":false},"excerpt":{"rendered":"<p>Questions fr\u00e9quentesQuestions les plus populaires Confidentialit\u00e9 (1) b Comment \u00eatre s\u00fbr que personne ne consulte les informations de mon coffre-fort ? Votre coffre-fort est verrouill\u00e9 et conserv\u00e9 sur des serveurs prot\u00e9g\u00e9s. Seuls vous et les contacts auxquels vous avez accord\u00e9 un acc\u00e8s (fonctionnalit\u00e9 de partage) pouvez acc\u00e9der \u00e0 vos documents. Les acc\u00e8s \u00e0 votre compte et les manipulations de vos &#8230; <\/p>\n<div><a href=\"https:\/\/izimi.yaqa.be\/fr\/faqs\/combien-de-temps-les-donnees-que-jai-placees-dans-mon-coffre-fort-seront-elles-conservees\/\" class=\"more-link\">Read More<\/a><\/div>\n","protected":false},"author":1,"featured_media":0,"parent":0,"menu_order":0,"comment_status":"closed","ping_status":"closed","template":"template-blank-4.php","meta":{"footnotes":""},"_links":{"self":[{"href":"https:\/\/izimi.yaqa.be\/fr\/wp-json\/wp\/v2\/pages\/50743"}],"collection":[{"href":"https:\/\/izimi.yaqa.be\/fr\/wp-json\/wp\/v2\/pages"}],"about":[{"href":"https:\/\/izimi.yaqa.be\/fr\/wp-json\/wp\/v2\/types\/page"}],"author":[{"embeddable":true,"href":"https:\/\/izimi.yaqa.be\/fr\/wp-json\/wp\/v2\/users\/1"}],"replies":[{"embeddable":true,"href":"https:\/\/izimi.yaqa.be\/fr\/wp-json\/wp\/v2\/comments?post=50743"}],"version-history":[{"count":0,"href":"https:\/\/izimi.yaqa.be\/fr\/wp-json\/wp\/v2\/pages\/50743\/revisions"}],"wp:attachment":[{"href":"https:\/\/izimi.yaqa.be\/fr\/wp-json\/wp\/v2\/media?parent=50743"}],"curies":[{"name":"wp","href":"https:\/\/api.w.org\/{rel}","templated":true}]}}