{"id":64,"date":"2020-08-26T14:54:04","date_gmt":"2020-08-26T12:54:04","guid":{"rendered":"https:\/\/izimi.yaqa.be\/index.php\/accueil-2\/"},"modified":"2023-10-20T16:44:19","modified_gmt":"2023-10-20T14:44:19","slug":"accueil","status":"publish","type":"page","link":"https:\/\/izimi.yaqa.be\/fr\/","title":{"rendered":"Accueil"},"content":{"rendered":"<div id=\"cs-content\" class=\"cs-content\"><\/div>\n","protected":false},"excerpt":{"rendered":"<p>Mises \u00e0 jour pr\u00e9vues : Izimi sera temporairement indisponible mardi 6\/12 de 20h00 \u00e0 22h00 et mercredi 7\/12 de 8h30 \u00e0 10h.Votre espace num\u00e9rique gratuit et ultras\u00e9curis\u00e9 pour&nbsp;g\u00e9rer vos documents et les transmettre en toute confianceOuvrez gratuitement votre coffre IzimiUn service gratuit propos\u00e9 par le notariat belge, aussi accessible via l&rsquo;application mobile.D&eacute;cidez de ce que vous vouleztransmettre, &agrave; qui et &#8230; <\/p>\n<div><a href=\"https:\/\/izimi.yaqa.be\/fr\/\" class=\"more-link\">Read More<\/a><\/div>\n","protected":false},"author":1,"featured_media":0,"parent":0,"menu_order":0,"comment_status":"closed","ping_status":"closed","template":"template-blank-4.php","meta":{"footnotes":""},"_links":{"self":[{"href":"https:\/\/izimi.yaqa.be\/fr\/wp-json\/wp\/v2\/pages\/64"}],"collection":[{"href":"https:\/\/izimi.yaqa.be\/fr\/wp-json\/wp\/v2\/pages"}],"about":[{"href":"https:\/\/izimi.yaqa.be\/fr\/wp-json\/wp\/v2\/types\/page"}],"author":[{"embeddable":true,"href":"https:\/\/izimi.yaqa.be\/fr\/wp-json\/wp\/v2\/users\/1"}],"replies":[{"embeddable":true,"href":"https:\/\/izimi.yaqa.be\/fr\/wp-json\/wp\/v2\/comments?post=64"}],"version-history":[{"count":3,"href":"https:\/\/izimi.yaqa.be\/fr\/wp-json\/wp\/v2\/pages\/64\/revisions"}],"predecessor-version":[{"id":147851,"href":"https:\/\/izimi.yaqa.be\/fr\/wp-json\/wp\/v2\/pages\/64\/revisions\/147851"}],"wp:attachment":[{"href":"https:\/\/izimi.yaqa.be\/fr\/wp-json\/wp\/v2\/media?parent=64"}],"curies":[{"name":"wp","href":"https:\/\/api.w.org\/{rel}","templated":true}]}}