{"id":671,"date":"2020-09-24T15:01:15","date_gmt":"2020-09-24T13:01:15","guid":{"rendered":"https:\/\/izimi.yaqa.be\/contact\/"},"modified":"2023-06-12T15:20:41","modified_gmt":"2023-06-12T13:20:41","slug":"contact","status":"publish","type":"page","link":"https:\/\/izimi.yaqa.be\/fr\/contact\/","title":{"rendered":"Contact"},"content":{"rendered":"<div id=\"cs-content\" class=\"cs-content\"><\/div>\n","protected":false},"excerpt":{"rendered":"<p>Nous contacterVous avez une question sur Izimi ? Nous serions ravis de vous entendre.Avez-vous une question sur Izimi? Vous n&rsquo;arrivez pas \u00e0 vous connecter ou vous rencontrez un probl\u00e8me technique ? Une \u00e9quipe est \u00e0 votre disposition pour y r\u00e9pondre. Disponible du lundi au vendredi (sauf jours f\u00e9ri\u00e9s belges) de 8h \u00e0 18h. support@izimi.yaqa.be02\/505.08.80Rue de la Montagne 30-34 &#8211; 1000 &#8230; <\/p>\n<div><a href=\"https:\/\/izimi.yaqa.be\/fr\/contact\/\" class=\"more-link\">Read More<\/a><\/div>\n","protected":false},"author":1,"featured_media":0,"parent":0,"menu_order":0,"comment_status":"closed","ping_status":"closed","template":"template-blank-4.php","meta":{"footnotes":""},"_links":{"self":[{"href":"https:\/\/izimi.yaqa.be\/fr\/wp-json\/wp\/v2\/pages\/671"}],"collection":[{"href":"https:\/\/izimi.yaqa.be\/fr\/wp-json\/wp\/v2\/pages"}],"about":[{"href":"https:\/\/izimi.yaqa.be\/fr\/wp-json\/wp\/v2\/types\/page"}],"author":[{"embeddable":true,"href":"https:\/\/izimi.yaqa.be\/fr\/wp-json\/wp\/v2\/users\/1"}],"replies":[{"embeddable":true,"href":"https:\/\/izimi.yaqa.be\/fr\/wp-json\/wp\/v2\/comments?post=671"}],"version-history":[{"count":0,"href":"https:\/\/izimi.yaqa.be\/fr\/wp-json\/wp\/v2\/pages\/671\/revisions"}],"wp:attachment":[{"href":"https:\/\/izimi.yaqa.be\/fr\/wp-json\/wp\/v2\/media?parent=671"}],"curies":[{"name":"wp","href":"https:\/\/api.w.org\/{rel}","templated":true}]}}