{"id":97345,"date":"2021-03-29T21:55:00","date_gmt":"2021-03-29T19:55:00","guid":{"rendered":"https:\/\/izimi.yaqa.be\/?page_id=97345"},"modified":"2022-09-21T10:20:09","modified_gmt":"2022-09-21T08:20:09","slug":"votre-coffre-fort-numerique-gratuit-izimi-est-desormais-disponible-via-une-application-mobile","status":"publish","type":"page","link":"https:\/\/izimi.yaqa.be\/fr\/info-et-actualites\/votre-coffre-fort-numerique-gratuit-izimi-est-desormais-disponible-via-une-application-mobile\/","title":{"rendered":"Votre coffre-fort num\u00e9rique gratuit Izimi est d\u00e9sormais disponible via une application mobile"},"content":{"rendered":"\n<p><strong>Vous devez conserver de nombreux documents importants tout au long de votre vie. Pensez \u00e0 vos dipl\u00f4mes, vos contrats, vos factures,\u2026 Il n&rsquo;est pas toujours facile de les retrouver lorsque vous en avez subitement besoin. Apr\u00e8s votre d\u00e9c\u00e8s, cela repr\u00e9sente aussi des complications pour les membres de votre famille. Heureusement, il y a maintenant Izimi, une initiative gratuite des notaires belges. Izimi \u00e9tait d\u00e9j\u00e0 disponible dans une version web, l\u2019application mobile vient d\u2019\u00eatre lanc\u00e9e aujourd\u2019hui&nbsp;!<\/strong><\/p>\n\n\n\n<p>Izimi est un coffre-fort num\u00e9rique gratuit dans lequel vous pouvez stocker de mani\u00e8re organis\u00e9e tous vos documents importants. La capacit\u00e9 gratuite de stockage a \u00e9t\u00e9 \u00e9tendue jusqu\u2019\u00e0 1 Giga. Izimi a \u00e9t\u00e9 pens\u00e9 pour \u00eatre le plus agr\u00e9able possible \u00e0 utiliser. Apr\u00e8s avoir cr\u00e9\u00e9 votre compte, vous pouvez organiser vos documents selon des cat\u00e9gories propos\u00e9es ou selon vos propres souhaits.<\/p>\n\n\n\n<p>Tous les actes notari\u00e9s que vous avez sign\u00e9s depuis 2015 sont directement accessibles sur Izimi. Il n&rsquo;est donc plus n\u00e9cessaire de demander une copie \u00e0 votre notaire. Toutes vos donn\u00e9es personnelles sont stock\u00e9es en toute s\u00e9curit\u00e9 dans Izimi. Vous \u00eates le seul \u00e0 y avoir acc\u00e8s. Personne ne peut consulter vos donn\u00e9es, ni les modifier ou les utiliser \u00e0 votre insu. Le citoyen a donc la garantie que les donn\u00e9es enregistr\u00e9es dans un coffre Izimi ne seront jamais utilis\u00e9es \u00e0 des fins commerciales. L\u2019initiative se distingue ainsi des possibilit\u00e9s de stockage num\u00e9rique des g\u00e9ants d\u2019Internet et autres initiatives commerciales. Une personne qui cr\u00e9e un coffre Izimi ne doit pas craindre d\u2019\u00eatre inond\u00e9e de publicit\u00e9s commerciales ind\u00e9sirables, ce qui est un point positif non n\u00e9gligeable.<\/p>\n\n\n\n<p>Vous souhaitez partager certains documents avec des membres de votre famille, des amis ou vos associ\u00e9s ? Cela n&rsquo;est possible que si vous donnez votre consentement. Le partage se fait d&rsquo;une mani\u00e8re beaucoup plus s\u00e9curis\u00e9e que le simple envoi d\u2019e-mail.<\/p>\n\n\n\n<h2 class=\"wp-block-heading\">Partager vos documents avec votre notaire<\/h2>\n\n\n\n<p>Vous pouvez \u00e9galement partager des donn\u00e9es avec votre notaire, par exemple si vous \u00eates sur le point de vous marier, d&rsquo;acheter ou de vendre un bien immobilier ou de cr\u00e9er votre entreprise. Encore une fois, vous seul choisissez les documents que vous souhaitez partager avec votre notaire.<\/p>\n\n\n\n<p>\u00ab <em>Votre notaire peut ainsi se mettre au travail plus rapidement. Les documents que vous partagez avec un notaire sont souvent tr\u00e8s personnels et sensibles. Nous investissons depuis des ann\u00e9es dans des r\u00e9seaux num\u00e9riques tr\u00e8s s\u00e9curis\u00e9s pour prot\u00e9ger vos donn\u00e9es et vos documents. Izimi s&rsquo;inscrit parfaitement dans cette d\u00e9marche<\/em> \u00bb, explique le notaire Philippe Bosseler, pr\u00e9sident de la F\u00e9d\u00e9ration du Notariat (Fednot).<\/p>\n\n\n\n<h2 class=\"wp-block-heading\">Votre notaire toujours dans votre poche<\/h2>\n\n\n\n<p>Avec le lancement aujourd\u2019hui de l\u2019application mobile Izimi, c\u2019est comme si vous aviez toujours un notaire dans votre poche. Depuis votre smartphone, vous pouvez uploader les documents que vous souhaitez, les trier et les partager avec les personnes de votre choix. Vous pouvez aussi ajouter des contacts, en supprimer, ou encore voir vos notifications Izimi. Cela vous donne beaucoup plus de libert\u00e9s, sans toucher aux garanties de s\u00e9curit\u00e9 qu\u2019Izimi vous offre.<\/p>\n\n\n\n<p>Vous pouvez retrouver l\u2019application sur l\u2019AppStore et sur le Play Store de Google. Le t\u00e9l\u00e9chargement de l\u2019application est totalement gratuit. \u00ab Les notaires sont des officiers publics. Les autorit\u00e9s leur ont accord\u00e9 des comp\u00e9tences sp\u00e9cifiques qu\u2019ils doivent exercer dans l\u2019int\u00e9r\u00eat de tous. C\u2019est pourquoi, gr\u00e2ce \u00e0 Izimi, les notaires offrent la possibilit\u00e9 \u00e0 chaque citoyen de stocker des documents personnels en toute s\u00e9curit\u00e9 et \u00e0 les partager avec d\u2019autres. Les citoyens restent ainsi ma\u00eetres de leurs donn\u00e9es et le notariat sert de la sorte un objectif social plus vaste. Pour les notaires, il est essentiel que ce service de base soit accessible pour tous. C\u2019est pourquoi Fednot propose gratuitement Izimi. Les citoyens ne devront jamais payer pour les services de base de la plateforme. Les frais des investissements futurs dans la plate-forme ne seront jamais \u00e0 la charge des d\u00e9tenteurs des coffres-forts \u00bb, d\u00e9taille le notaire Philippe Bosseler.<\/p>\n\n\n\n<h2 class=\"wp-block-heading\">Eviter des tracas \u00e0 vos proches<\/h2>\n\n\n\n<p>Si vous utilisez Izimi, vous pouvez aussi \u00e9viter bien des tracas \u00e0 vos proches. Apr\u00e8s votre d\u00e9c\u00e8s, vos h\u00e9ritiers ne devront plus chercher pendant des jours vos documents importants. Ils ne devront plus non plus chercher \u00e0 savoir qui est votre fournisseur d&rsquo;\u00e9nergie ou de t\u00e9l\u00e9communications.<\/p>\n\n\n\n<p>Vous pouvez d\u00e9sormais donner \u00e0 votre notaire l&rsquo;autorisation de transf\u00e9rer le contenu de votre coffrefort Izimi \u00e0 vos h\u00e9ritiers apr\u00e8s votre d\u00e9c\u00e8s. De cette fa\u00e7on, ils pourront \u00e9galement fournir plus facilement aux autorit\u00e9s fiscales un aper\u00e7u de votre patrimoine<\/p>\n\n\n\n<p>Tom Jenn\u00e9<br>Relation presse et communication externe francophone<\/p>\n","protected":false},"excerpt":{"rendered":"<p>Vous devez conserver de nombreux documents importants tout au long de votre vie. Pensez \u00e0 vos dipl\u00f4mes, vos contrats, vos factures,\u2026 Il n&rsquo;est pas toujours facile de les retrouver lorsque vous en avez subitement besoin. Apr\u00e8s votre d\u00e9c\u00e8s, cela repr\u00e9sente aussi des complications pour les membres de votre famille. Heureusement, il y a maintenant Izimi, une initiative gratuite des notaires &#8230; <\/p>\n<div><a href=\"https:\/\/izimi.yaqa.be\/fr\/info-et-actualites\/votre-coffre-fort-numerique-gratuit-izimi-est-desormais-disponible-via-une-application-mobile\/\" class=\"more-link\">Read More<\/a><\/div>\n","protected":false},"author":1,"featured_media":82736,"parent":31840,"menu_order":0,"comment_status":"closed","ping_status":"closed","template":"template-layout-content-sidebar.php","meta":{"footnotes":""},"_links":{"self":[{"href":"https:\/\/izimi.yaqa.be\/fr\/wp-json\/wp\/v2\/pages\/97345"}],"collection":[{"href":"https:\/\/izimi.yaqa.be\/fr\/wp-json\/wp\/v2\/pages"}],"about":[{"href":"https:\/\/izimi.yaqa.be\/fr\/wp-json\/wp\/v2\/types\/page"}],"author":[{"embeddable":true,"href":"https:\/\/izimi.yaqa.be\/fr\/wp-json\/wp\/v2\/users\/1"}],"replies":[{"embeddable":true,"href":"https:\/\/izimi.yaqa.be\/fr\/wp-json\/wp\/v2\/comments?post=97345"}],"version-history":[{"count":0,"href":"https:\/\/izimi.yaqa.be\/fr\/wp-json\/wp\/v2\/pages\/97345\/revisions"}],"up":[{"embeddable":true,"href":"https:\/\/izimi.yaqa.be\/fr\/wp-json\/wp\/v2\/pages\/31840"}],"wp:featuredmedia":[{"embeddable":true,"href":"https:\/\/izimi.yaqa.be\/fr\/wp-json\/wp\/v2\/media\/82736"}],"wp:attachment":[{"href":"https:\/\/izimi.yaqa.be\/fr\/wp-json\/wp\/v2\/media?parent=97345"}],"curies":[{"name":"wp","href":"https:\/\/api.w.org\/{rel}","templated":true}]}}