{"id":97348,"date":"2020-11-28T21:57:00","date_gmt":"2020-11-28T20:57:00","guid":{"rendered":"https:\/\/izimi.yaqa.be\/?page_id=97348"},"modified":"2022-09-21T10:25:18","modified_gmt":"2022-09-21T08:25:18","slug":"les-notaires-lancent-izimi-un-coffre-fort-numerique-gratuit-pour-la-gestion-100-securisee-de-vos-documents-importants-et-une-gestion-efficace-de-votre-patrimoine","status":"publish","type":"page","link":"https:\/\/izimi.yaqa.be\/fr\/info-et-actualites\/les-notaires-lancent-izimi-un-coffre-fort-numerique-gratuit-pour-la-gestion-100-securisee-de-vos-documents-importants-et-une-gestion-efficace-de-votre-patrimoine\/","title":{"rendered":"Les notaires lancent Izimi, un coffre-fort num\u00e9rique gratuit pour la gestion 100% s\u00e9curis\u00e9e de vos documents importants et une gestion efficace de votre patrimoine"},"content":{"rendered":"\n<p><strong>Le notariat, avec l\u2019appui de la F\u00e9d\u00e9ration du notariat belge (Fednot), lance Izimi. Il s\u2019agit d\u2019un coffre-fort num\u00e9rique accessible \u00e0 chaque citoyen, dans lequel vous pouvez stocker en toute s\u00e9curit\u00e9 vos documents personnels et importants. IZIMI permet de partager ces documents de mani\u00e8re ultra-s\u00e9curis\u00e9e aux personnes de votre choix&nbsp;: votre conjoint, vos enfants ou le notaire de votre choix. Si vous le souhaitez, vous pourrez aussi \u00eatre inform\u00e9 automatiquement des changements l\u00e9gislatifs importants qui vous concernent gr\u00e2ce \u00e0 cette nouvelle plateforme gratuite.<\/strong><\/p>\n\n\n\n<p>&nbsp;Avec le lancement d\u2019Izimi, apr\u00e8s d\u2019autres initiatives comme la plateforme de vente immobili\u00e8re en ligne Biddit, les notaires belges franchissent une nouvelle \u00e9tape dans leur digitalisation et dans l&rsquo;optimisation de leurs services aux citoyens.&nbsp;<\/p>\n\n\n\n<p>Izimi est avant tout un coffre-fort digital personnel o\u00f9 chaque citoyen peut stocker ses documents importants de mani\u00e8re centralis\u00e9e : passeports, dipl\u00f4mes, documents concernant l\u2019achat d\u2019un bien immobilier, acte de cr\u00e9dit, contrat d\u2019assurance de la maison,\u2026&nbsp;<\/p>\n\n\n\n<p>La plateforme a \u00e9t\u00e9 con\u00e7ue pour \u00eatre la plus facile et agr\u00e9able \u00e0 utiliser. Les personnes qui s&rsquo;inscrivent peuvent classer leurs documents personnels dans un mod\u00e8le de cat\u00e9gories existant. Bient\u00f4t, ceux qui le voudront pourront \u00e9galement \u00e9tablir leurs propres cat\u00e9gories.&nbsp;<\/p>\n\n\n\n<p>Le fait que cette plate-forme soit g\u00e9r\u00e9e par le notariat, en s\u2019appuyant sur la F\u00e9d\u00e9ration du Notariat, offre de nombreux avantages :&nbsp;<\/p>\n\n\n\n<p>1. Les notaires proposent Izimi comme un service <strong>gratuit pour tous les Belges<\/strong>. Le stockage et l&rsquo;ajout de documents dans le coffre-fort num\u00e9rique sont gratuits jusqu&rsquo;\u00e0 1 Go.&nbsp;<\/p>\n\n\n\n<p>2. Avec Izimi, le citoyen peut consulter automatiquement tous les actes notari\u00e9s qu\u2019il a sign\u00e9s depuis 2015. Il ne doit plus demander \u00e0 un notaire pour les avoir.&nbsp;<\/p>\n\n\n\n<p>3. Les notaires offrent et garantissent un <strong>environnement s\u00e9curis\u00e9 <\/strong>aux citoyens. Les notaires se distinguent des g\u00e9ants du web, qui contr\u00f4lent vos donn\u00e9es personnelles, ainsi que d\u2019autres acteurs qui utilisent vos donn\u00e9es personnelles \u00e0 des fins commerciales. Le citoyen est assur\u00e9 que ses documents importants sont en s\u00e9curit\u00e9 et que <strong>personne ne peut y avoir acc\u00e8s<\/strong>. Les documents enregistr\u00e9s ne sont transmis \u00e0 personne, pas m\u00eame aux autorit\u00e9s ou \u00e0 d\u2019autres entreprises. Les donn\u00e9es personnelles des citoyens ne sont donc pas utilis\u00e9es pour du ciblage publicitaire non-d\u00e9sir\u00e9. <strong>La discr\u00e9tion est assur\u00e9e<\/strong>.&nbsp;<\/p>\n\n\n\n<p>4. Le citoyen garde le <strong>contr\u00f4le total <\/strong>sur ce qui arrive \u00e0 ses donn\u00e9es personnelles et souvent sensibles. Il est le seul \u00e0 d\u00e9cider s\u2019il veut partager ou non les documents de son coffre-fort avec d&rsquo;autres personnes, quand et avec qui&#8230;. Le notaire n&rsquo;a pas non plus acc\u00e8s \u00e0 un ou plusieurs documents du citoyen, sauf si le citoyen lui donne acc\u00e8s express\u00e9ment.&nbsp;<\/p>\n\n\n\n<p>5. Si vous souhaitez partager des documents stock\u00e9s sur Izimi avec d&rsquo;autres personnes, vous pouvez le faire d&rsquo;une mani\u00e8re <strong>beaucoup plus s\u00e9curis\u00e9e qu\u2019un \u00e9change traditionnel d\u2019e-mails<\/strong>. Avec IZIMI, les notaires belges lancent d\u00e9j\u00e0 une plateforme d&rsquo;\u00e9change de donn\u00e9es num\u00e9riques qualifi\u00e9es. \u00c0 partir de la plateforme, les citoyens peuvent envoyer des messages de mani\u00e8re ultra-s\u00e9curis\u00e9e, par exemple \u00e0 leur conjoint ou au notaire de leur choix et ou \u00e0 l\u2019inverse recevoir des documents sensibles de mani\u00e8re s\u00e9curis\u00e9e. <em>\u00ab Cela est possible car Fednot a beaucoup investi ces derni\u00e8res ann\u00e9es dans le d\u00e9veloppement de r\u00e9seaux num\u00e9riques ultra-s\u00e9curis\u00e9s. Des investissements n\u00e9cessaires car les \u00e9changes entre un notaire et le citoyen sont souvent tr\u00e8s personnels et touchent directement la vie priv\u00e9e \u00bb, <\/em>explique Jan Sap, le directeur g\u00e9n\u00e9ral de Fednot.&nbsp;<\/p>\n\n\n\n<p>6. Si le citoyen utilise le coffre-fort, le notaire pourra pr\u00e9parer ses <strong>dossiers beaucoup plus efficacement<\/strong>. Si des personnes veulent se marier par exemple, elles pourront partager de mani\u00e8re s\u00e9curis\u00e9e tous leurs documents importants avec un notaire. Le notaire pourra ainsi pr\u00e9parer plus rapidement le contrat de mariage et pourra d\u00e9j\u00e0 savoir quels sont les points auxquels il devra faire attention. Cela sera la m\u00eame chose pour les autres dossiers comme la vente d\u2019une maison, un divorce par consentement mutuel ou la cr\u00e9ation d\u2019une soci\u00e9t\u00e9.&nbsp;<\/p>\n\n\n\n<p>7. Les citoyens pourront aussi dans le futur <strong>\u00eatre alert\u00e9s <\/strong>via Izimi <strong>de tous les changements l\u00e9gislatifs importants<\/strong>. Les citoyens qui le veulent, et qui donneront leur consentement, pourront m\u00eame recevoir des <strong>notifications <\/strong>pour les changements l\u00e9gislatifs qui les concernent directement. Ainsi, ils resteront inform\u00e9s et ne manqueront pas les changements importants qui pourraient avoir un impact sur leur patrimoine, leurs accords familiaux ou sur le contr\u00f4le de la soci\u00e9t\u00e9 dont ils sont actionnaires.&nbsp;<\/p>\n\n\n\n<p>8. Avec ce coffre-fort, le citoyen peut aussi \u00e9viter de nombreux tracas \u00e0 ses proches. Apr\u00e8s un d\u00e9c\u00e8s, les h\u00e9ritiers ne devront plus chercher tous les papiers importants. Ils n&rsquo;auront plus besoin de fouiller dans tous les tiroirs pour savoir ce que poss\u00e9dait exactement le d\u00e9funt. <strong>Le notaire peut veiller \u00e0 ce que le contenu du coffre-fort soit transmis aux h\u00e9ritiers apr\u00e8s le d\u00e9c\u00e8s, sauf d\u00e9cision contraire du d\u00e9tenteur du coffre-fort<\/strong>. Les h\u00e9ritiers ne devront plus chercher eux-m\u00eames \u00e0 savoir qui \u00e9tait le fournisseur d&rsquo;\u00e9nergie ou le fournisseur t\u00e9l\u00e9 et internet, qui \u00e9tait le propri\u00e9taire du bien immobilier dans lequel le d\u00e9funt habitait, comment joindre le locataire d\u2019un bien appartenant au d\u00e9funt ou o\u00f9 trouver des factures ou des mots de passe importants. Il est ainsi plus facile pour les h\u00e9ritiers de fournir aux autorit\u00e9s fiscales un aper\u00e7u des biens laiss\u00e9s par le d\u00e9funt.&nbsp;<\/p>\n\n\n\n<p>9. Comme les notaires sont des officiers publics, les citoyens peuvent \u00eatre certains qu\u2019Izimi ne sera jamais repris par des acteurs commerciaux et qu&rsquo;ils pourront toujours g\u00e9rer, stocker ou partager leurs documents dans les m\u00eames conditions.&nbsp;<\/p>\n\n\n\n<p><em>\u00ab Ce coffre-fort est bien plus qu&rsquo;une simple plateforme num\u00e9rique pour le stockage s\u00e9curis\u00e9 de documents importants. C&rsquo;est aussi une fa\u00e7on de partager des informations personnelles de mani\u00e8re super s\u00e9curis\u00e9e avec les personnes de votre choix. Si cette plateforme est bien utilis\u00e9e, elle permet de dissiper de nombreuses pr\u00e9occupations des citoyens et de leurs proches. Le notaire peut pr\u00e9parer les dossiers de ses clients de mani\u00e8re plus efficace et les citoyens sont tenus inform\u00e9s des d\u00e9veloppements juridiques qui ont un impact sur leur patrimoine ou sur les contrats qu&rsquo;ils ont pr\u00e9c\u00e9demment sign\u00e9s. Izimi permet d\u2019apporter une tranquillit\u00e9 d\u2019esprit aux propri\u00e9taires des coffres \u00bb<\/em>, explique Philippe Bosseler, pr\u00e9sident de Fednot. Il ajoute : <em>\u00ab Ce coffre-fort num\u00e9rique n&rsquo;est qu&rsquo;un premier pas. Nous r\u00e9fl\u00e9chissons d\u00e9j\u00e0 \u00e0 d&rsquo;autres services et fonctionnalit\u00e9s qu\u2019Izimi pourra proposer aux citoyens dans le futur \u00bb<\/em>.&nbsp;<\/p>\n\n\n\n<p>Le vice-Premier ministre et ministre de la Justice Vincent Van Quickenborne ajoute : <em>\u00ab La justice sera num\u00e9rique ou elle ne le sera pas. Les professions juridiques devront \u00e9galement passer au num\u00e9rique et se moderniser, ce que pr\u00e9voit l&rsquo;accord de gouvernement. L&rsquo;avenir appartient aux projets num\u00e9riques qui rendent la vie plus simple aux citoyens \u00bb.&nbsp;<\/em><\/p>\n\n\n\n<p>Izimi est d\u00e9j\u00e0 accessible mais d\u00e9ploiera courant 2021 son application pour smartphone. Pour ceux qui le souhaitent, ils peuvent donc d\u00e9j\u00e0 acc\u00e9der \u00e0 leurs actes enregistr\u00e9s depuis 2015 via <a href=\"https:\/\/izimi.yaqa.be\">www.izimi.be<\/a> et cr\u00e9er leur coffre-fort, t\u00e9l\u00e9charger et partager des documents dans Izimi avec leur famille et\/ou leurs amis.<\/p>\n\n\n\n<p><strong>Communiqu\u00e9 de presse du 28 novembre 2020<\/strong><\/p>\n\n\n\n<p><strong>Tom Jenn\u00e9&nbsp;<\/strong><br>Relation presse et communication externe francophone&nbsp;<\/p>\n","protected":false},"excerpt":{"rendered":"<p>Le notariat, avec l\u2019appui de la F\u00e9d\u00e9ration du notariat belge (Fednot), lance Izimi. Il s\u2019agit d\u2019un coffre-fort num\u00e9rique accessible \u00e0 chaque citoyen, dans lequel vous pouvez stocker en toute s\u00e9curit\u00e9 vos documents personnels et importants. IZIMI permet de partager ces documents de mani\u00e8re ultra-s\u00e9curis\u00e9e aux personnes de votre choix&nbsp;: votre conjoint, vos enfants ou le notaire de votre choix. Si &#8230; <\/p>\n<div><a href=\"https:\/\/izimi.yaqa.be\/fr\/info-et-actualites\/les-notaires-lancent-izimi-un-coffre-fort-numerique-gratuit-pour-la-gestion-100-securisee-de-vos-documents-importants-et-une-gestion-efficace-de-votre-patrimoine\/\" class=\"more-link\">Read More<\/a><\/div>\n","protected":false},"author":1,"featured_media":146386,"parent":31840,"menu_order":0,"comment_status":"closed","ping_status":"closed","template":"template-layout-content-sidebar.php","meta":{"footnotes":""},"_links":{"self":[{"href":"https:\/\/izimi.yaqa.be\/fr\/wp-json\/wp\/v2\/pages\/97348"}],"collection":[{"href":"https:\/\/izimi.yaqa.be\/fr\/wp-json\/wp\/v2\/pages"}],"about":[{"href":"https:\/\/izimi.yaqa.be\/fr\/wp-json\/wp\/v2\/types\/page"}],"author":[{"embeddable":true,"href":"https:\/\/izimi.yaqa.be\/fr\/wp-json\/wp\/v2\/users\/1"}],"replies":[{"embeddable":true,"href":"https:\/\/izimi.yaqa.be\/fr\/wp-json\/wp\/v2\/comments?post=97348"}],"version-history":[{"count":0,"href":"https:\/\/izimi.yaqa.be\/fr\/wp-json\/wp\/v2\/pages\/97348\/revisions"}],"up":[{"embeddable":true,"href":"https:\/\/izimi.yaqa.be\/fr\/wp-json\/wp\/v2\/pages\/31840"}],"wp:featuredmedia":[{"embeddable":true,"href":"https:\/\/izimi.yaqa.be\/fr\/wp-json\/wp\/v2\/media\/146386"}],"wp:attachment":[{"href":"https:\/\/izimi.yaqa.be\/fr\/wp-json\/wp\/v2\/media?parent=97348"}],"curies":[{"name":"wp","href":"https:\/\/api.w.org\/{rel}","templated":true}]}}