{"id":817,"date":"2020-09-02T17:14:20","date_gmt":"2020-09-02T15:14:20","guid":{"rendered":"https:\/\/izimi.yaqa.be\/pourquoi-choisir-izimi\/"},"modified":"2023-07-03T15:43:25","modified_gmt":"2023-07-03T13:43:25","slug":"kiezen-voor-izimi","status":"publish","type":"page","link":"https:\/\/izimi.yaqa.be\/nl\/kiezen-voor-izimi\/","title":{"rendered":"Kiezen voor Izimi"},"content":{"rendered":"<div id=\"cs-content\" class=\"cs-content\"><\/div>\n","protected":false},"excerpt":{"rendered":"<p>Waarom IzimiKiezen voor Izimi? Dat is de controle over jouw leven behouden. Veilig Eenvoudig Niet commercieel Notari\u00eble omkadering Test Aankoop approved Beveiligde opslag en toegang vanaf je smartphoneAl jouw gegevens veilig in \u00e9\u00e9n digitale ruimteAlle data lokaal in Belgi\u00eb opgeslagenBeschermd met de expertise van het notariaatVeilige toegang via itsme&reg;Iedereen heeft recht op een veilige digitale plaats om belangrijke documenten in &#8230; <\/p>\n<div><a href=\"https:\/\/izimi.yaqa.be\/nl\/kiezen-voor-izimi\/\" class=\"more-link\">Read More<\/a><\/div>\n","protected":false},"author":1,"featured_media":0,"parent":0,"menu_order":0,"comment_status":"closed","ping_status":"closed","template":"template-blank-4.php","meta":{"footnotes":""},"_links":{"self":[{"href":"https:\/\/izimi.yaqa.be\/nl\/wp-json\/wp\/v2\/pages\/817"}],"collection":[{"href":"https:\/\/izimi.yaqa.be\/nl\/wp-json\/wp\/v2\/pages"}],"about":[{"href":"https:\/\/izimi.yaqa.be\/nl\/wp-json\/wp\/v2\/types\/page"}],"author":[{"embeddable":true,"href":"https:\/\/izimi.yaqa.be\/nl\/wp-json\/wp\/v2\/users\/1"}],"replies":[{"embeddable":true,"href":"https:\/\/izimi.yaqa.be\/nl\/wp-json\/wp\/v2\/comments?post=817"}],"version-history":[{"count":0,"href":"https:\/\/izimi.yaqa.be\/nl\/wp-json\/wp\/v2\/pages\/817\/revisions"}],"wp:attachment":[{"href":"https:\/\/izimi.yaqa.be\/nl\/wp-json\/wp\/v2\/media?parent=817"}],"curies":[{"name":"wp","href":"https:\/\/api.w.org\/{rel}","templated":true}]}}